{"id":3056,"date":"2024-11-22T11:31:28","date_gmt":"2024-11-22T11:31:28","guid":{"rendered":"https:\/\/travelnewcity.com\/?page_id=3056"},"modified":"2024-12-13T12:08:42","modified_gmt":"2024-12-13T09:08:42","slug":"basket","status":"publish","type":"page","link":"https:\/\/travelnewcity.com\/en\/basket\/","title":{"rendered":"Basket"},"content":{"rendered":"<div data-elementor-type=\"wp-page\" data-elementor-id=\"3056\" class=\"elementor elementor-3056\" data-elementor-post-type=\"page\">\n\t\t\t\t<div class=\"elementor-element elementor-element-122955c e-flex e-con-boxed wpr-particle-no wpr-jarallax-no wpr-parallax-no wpr-sticky-section-no wpr-equal-height-no e-con e-parent\" data-id=\"122955c\" data-element_type=\"container\" data-e-type=\"container\">\n\t\t\t\t\t<div class=\"e-con-inner\">\n\t\t\t\t<div class=\"elementor-element elementor-element-bc19394 elementor-widget elementor-widget-spacer\" data-id=\"bc19394\" data-element_type=\"widget\" data-e-type=\"widget\" data-widget_type=\"spacer.default\">\n\t\t\t\t<div class=\"elementor-widget-container\">\n\t\t\t\t\t\t\t<div class=\"elementor-spacer\">\n\t\t\t<div class=\"elementor-spacer-inner\"><\/div>\n\t\t<\/div>\n\t\t\t\t\t\t<\/div>\n\t\t\t\t<\/div>\n\t\t\t\t\t<\/div>\n\t\t\t\t<\/div>\n\t\t<div class=\"elementor-element elementor-element-00cf194 e-flex e-con-boxed wpr-particle-no wpr-jarallax-no wpr-parallax-no wpr-sticky-section-no wpr-equal-height-no e-con e-parent\" data-id=\"00cf194\" data-element_type=\"container\" data-e-type=\"container\">\n\t\t\t\t\t<div class=\"e-con-inner\">\n\t\t\t\t\t<\/div>\n\t\t\t\t<\/div>\n\t\t<div class=\"elementor-element elementor-element-7f6331c e-flex e-con-boxed wpr-particle-no wpr-jarallax-no wpr-parallax-no wpr-sticky-section-no wpr-equal-height-no e-con e-parent\" data-id=\"7f6331c\" data-element_type=\"container\" data-e-type=\"container\">\n\t\t\t\t\t<div class=\"e-con-inner\">\n\t\t\t\t<div class=\"elementor-element elementor-element-34b33c9 elementor-hidden-desktop elementor-hidden-tablet elementor-hidden-mobile elementor-widget elementor-widget-text-editor\" data-id=\"34b33c9\" data-element_type=\"widget\" data-e-type=\"widget\" data-widget_type=\"text-editor.default\">\n\t\t\t\t<div class=\"elementor-widget-container\">\n\t\t\t\t\t\t\t\t\t<p>\u00a0\u00a0<\/p>\t\t\t\t\t\t\t\t<\/div>\n\t\t\t\t<\/div>\n\t\t\t\t\t<\/div>\n\t\t\t\t<\/div>\n\t\t\t\t<\/div>","protected":false},"excerpt":{"rendered":"<p>&nbsp; \u00dcr\u00fcn &nbsp; Fiyat Miktar Ara Toplam &times; \u0130stanbul Bo\u011faz Turu &euro;300.00 \u0130stanbul Bo\u011faz Turu adet &euro;300.00 Sepeti G\u00fcncelle Kuponu uygula Sepet Toplam\u0131 Ara Toplam &euro;300.00 Toplam &euro;300.00 \u00d6demeye Ge\u00e7 \u00a0\u00a0<\/p>","protected":false},"author":1,"featured_media":0,"parent":0,"menu_order":0,"comment_status":"closed","ping_status":"closed","template":"","meta":{"footnotes":""},"class_list":["post-3056","page","type-page","status-publish","hentry"],"yoast_head":"<!-- This site is optimized with the Yoast SEO plugin v26.3 - https:\/\/yoast.com\/wordpress\/plugins\/seo\/ -->\n<title>Sepet | Travel New City<\/title>\n<meta name=\"robots\" content=\"index, follow, max-snippet:-1, max-image-preview:large, max-video-preview:-1\" \/>\n<link rel=\"canonical\" href=\"https:\/\/travelnewcity.com\/en\/basket\/\" \/>\n<meta property=\"og:locale\" content=\"en_US\" \/>\n<meta property=\"og:type\" content=\"article\" \/>\n<meta property=\"og:title\" content=\"Sepet | Travel New City\" \/>\n<meta property=\"og:description\" content=\"&nbsp; \u00dcr\u00fcn &nbsp; Fiyat Miktar Ara Toplam &times; \u0130stanbul Bo\u011faz Turu &euro;300.00 \u0130stanbul Bo\u011faz Turu adet &euro;300.00 Sepeti G\u00fcncelle Kuponu uygula Sepet Toplam\u0131 Ara Toplam &euro;300.00 Toplam &euro;300.00 \u00d6demeye Ge\u00e7 \u00a0\u00a0\" \/>\n<meta property=\"og:url\" content=\"https:\/\/travelnewcity.com\/en\/basket\/\" \/>\n<meta property=\"og:site_name\" content=\"Travel New City\" \/>\n<meta property=\"article:publisher\" content=\"https:\/\/www.facebook.com\/people\/New-Cty-Travel\/61568825113994\/\" \/>\n<meta property=\"article:modified_time\" content=\"2024-12-13T09:08:42+00:00\" \/>\n<meta property=\"og:image\" content=\"https:\/\/travelnewcity.com\/wp-content\/plugins\/woocommerce\/assets\/images\/placeholder.png\" \/>\n<meta name=\"twitter:card\" content=\"summary_large_image\" \/>\n<meta name=\"twitter:label1\" content=\"Est. reading time\" \/>\n\t<meta name=\"twitter:data1\" content=\"1 minute\" \/>\n<script type=\"application\/ld+json\" class=\"yoast-schema-graph\">{\"@context\":\"https:\/\/schema.org\",\"@graph\":[{\"@type\":\"WebPage\",\"@id\":\"https:\/\/travelnewcity.com\/sepet\/\",\"url\":\"https:\/\/travelnewcity.com\/sepet\/\",\"name\":\"Sepet | Travel New City\",\"isPartOf\":{\"@id\":\"https:\/\/travelnewcity.com\/#website\"},\"primaryImageOfPage\":{\"@id\":\"https:\/\/travelnewcity.com\/sepet\/#primaryimage\"},\"image\":{\"@id\":\"https:\/\/travelnewcity.com\/sepet\/#primaryimage\"},\"thumbnailUrl\":\"https:\/\/travelnewcity.com\/wp-content\/plugins\/woocommerce\/assets\/images\/placeholder.png\",\"datePublished\":\"2024-11-22T11:31:28+00:00\",\"dateModified\":\"2024-12-13T09:08:42+00:00\",\"breadcrumb\":{\"@id\":\"https:\/\/travelnewcity.com\/sepet\/#breadcrumb\"},\"inLanguage\":\"en-US\",\"potentialAction\":[{\"@type\":\"ReadAction\",\"target\":[\"https:\/\/travelnewcity.com\/sepet\/\"]}]},{\"@type\":\"ImageObject\",\"inLanguage\":\"en-US\",\"@id\":\"https:\/\/travelnewcity.com\/sepet\/#primaryimage\",\"url\":\"https:\/\/travelnewcity.com\/wp-content\/plugins\/woocommerce\/assets\/images\/placeholder.png\",\"contentUrl\":\"https:\/\/travelnewcity.com\/wp-content\/plugins\/woocommerce\/assets\/images\/placeholder.png\"},{\"@type\":\"BreadcrumbList\",\"@id\":\"https:\/\/travelnewcity.com\/sepet\/#breadcrumb\",\"itemListElement\":[{\"@type\":\"ListItem\",\"position\":1,\"name\":\"Home\",\"item\":\"https:\/\/travelnewcity.com\/\"},{\"@type\":\"ListItem\",\"position\":2,\"name\":\"Sepet\"}]},{\"@type\":\"WebSite\",\"@id\":\"https:\/\/travelnewcity.com\/#website\",\"url\":\"https:\/\/travelnewcity.com\/\",\"name\":\"Travel New City\",\"description\":\"Efsane T\u00fcrkiye B\u00fcy\u00fcl\u00fc Turlar\",\"publisher\":{\"@id\":\"https:\/\/travelnewcity.com\/#organization\"},\"potentialAction\":[{\"@type\":\"SearchAction\",\"target\":{\"@type\":\"EntryPoint\",\"urlTemplate\":\"https:\/\/travelnewcity.com\/?s={search_term_string}\"},\"query-input\":{\"@type\":\"PropertyValueSpecification\",\"valueRequired\":true,\"valueName\":\"search_term_string\"}}],\"inLanguage\":\"en-US\"},{\"@type\":\"Organization\",\"@id\":\"https:\/\/travelnewcity.com\/#organization\",\"name\":\"Travel New City\",\"url\":\"https:\/\/travelnewcity.com\/\",\"logo\":{\"@type\":\"ImageObject\",\"inLanguage\":\"en-US\",\"@id\":\"https:\/\/travelnewcity.com\/#\/schema\/logo\/image\/\",\"url\":\"https:\/\/travelnewcity.com\/wp-content\/uploads\/2024\/11\/kirmizi-beyaz.svg\",\"contentUrl\":\"https:\/\/travelnewcity.com\/wp-content\/uploads\/2024\/11\/kirmizi-beyaz.svg\",\"width\":350,\"height\":100,\"caption\":\"Travel New City\"},\"image\":{\"@id\":\"https:\/\/travelnewcity.com\/#\/schema\/logo\/image\/\"},\"sameAs\":[\"https:\/\/www.facebook.com\/people\/New-Cty-Travel\/61568825113994\/\",\"https:\/\/www.instagram.com\/newcity_travel\/\"]}]}<\/script>\n<!-- \/ Yoast SEO plugin. -->","yoast_head_json":{"title":"Basket | Travel New City","robots":{"index":"index","follow":"follow","max-snippet":"max-snippet:-1","max-image-preview":"max-image-preview:large","max-video-preview":"max-video-preview:-1"},"canonical":"https:\/\/travelnewcity.com\/en\/basket\/","og_locale":"en_US","og_type":"article","og_title":"Sepet | Travel New City","og_description":"&nbsp; \u00dcr\u00fcn &nbsp; Fiyat Miktar Ara Toplam &times; \u0130stanbul Bo\u011faz Turu &euro;300.00 \u0130stanbul Bo\u011faz Turu adet &euro;300.00 Sepeti G\u00fcncelle Kuponu uygula Sepet Toplam\u0131 Ara Toplam &euro;300.00 Toplam &euro;300.00 \u00d6demeye Ge\u00e7 \u00a0\u00a0","og_url":"https:\/\/travelnewcity.com\/en\/basket\/","og_site_name":"Travel New City","article_publisher":"https:\/\/www.facebook.com\/people\/New-Cty-Travel\/61568825113994\/","article_modified_time":"2024-12-13T09:08:42+00:00","og_image":[{"url":"https:\/\/travelnewcity.com\/wp-content\/plugins\/woocommerce\/assets\/images\/placeholder.png","type":"","width":"","height":""}],"twitter_card":"summary_large_image","twitter_misc":{"Est. reading time":"1 minute"},"schema":{"@context":"https:\/\/schema.org","@graph":[{"@type":"WebPage","@id":"https:\/\/travelnewcity.com\/sepet\/","url":"https:\/\/travelnewcity.com\/sepet\/","name":"Basket | Travel New City","isPartOf":{"@id":"https:\/\/travelnewcity.com\/#website"},"primaryImageOfPage":{"@id":"https:\/\/travelnewcity.com\/sepet\/#primaryimage"},"image":{"@id":"https:\/\/travelnewcity.com\/sepet\/#primaryimage"},"thumbnailUrl":"https:\/\/travelnewcity.com\/wp-content\/plugins\/woocommerce\/assets\/images\/placeholder.png","datePublished":"2024-11-22T11:31:28+00:00","dateModified":"2024-12-13T09:08:42+00:00","breadcrumb":{"@id":"https:\/\/travelnewcity.com\/sepet\/#breadcrumb"},"inLanguage":"en-US","potentialAction":[{"@type":"ReadAction","target":["https:\/\/travelnewcity.com\/sepet\/"]}]},{"@type":"ImageObject","inLanguage":"en-US","@id":"https:\/\/travelnewcity.com\/sepet\/#primaryimage","url":"https:\/\/travelnewcity.com\/wp-content\/plugins\/woocommerce\/assets\/images\/placeholder.png","contentUrl":"https:\/\/travelnewcity.com\/wp-content\/plugins\/woocommerce\/assets\/images\/placeholder.png"},{"@type":"BreadcrumbList","@id":"https:\/\/travelnewcity.com\/sepet\/#breadcrumb","itemListElement":[{"@type":"ListItem","position":1,"name":"Home","item":"https:\/\/travelnewcity.com\/"},{"@type":"ListItem","position":2,"name":"Sepet"}]},{"@type":"WebSite","@id":"https:\/\/travelnewcity.com\/#website","url":"https:\/\/travelnewcity.com\/","name":"Travel New City","description":"Legendary Turkey Magical Tours","publisher":{"@id":"https:\/\/travelnewcity.com\/#organization"},"potentialAction":[{"@type":"SearchAction","target":{"@type":"EntryPoint","urlTemplate":"https:\/\/travelnewcity.com\/?s={search_term_string}"},"query-input":{"@type":"PropertyValueSpecification","valueRequired":true,"valueName":"search_term_string"}}],"inLanguage":"en-US"},{"@type":"Organization","@id":"https:\/\/travelnewcity.com\/#organization","name":"Travel New City","url":"https:\/\/travelnewcity.com\/","logo":{"@type":"ImageObject","inLanguage":"en-US","@id":"https:\/\/travelnewcity.com\/#\/schema\/logo\/image\/","url":"https:\/\/travelnewcity.com\/wp-content\/uploads\/2024\/11\/kirmizi-beyaz.svg","contentUrl":"https:\/\/travelnewcity.com\/wp-content\/uploads\/2024\/11\/kirmizi-beyaz.svg","width":350,"height":100,"caption":"Travel New City"},"image":{"@id":"https:\/\/travelnewcity.com\/#\/schema\/logo\/image\/"},"sameAs":["https:\/\/www.facebook.com\/people\/New-Cty-Travel\/61568825113994\/","https:\/\/www.instagram.com\/newcity_travel\/"]}]}},"jetpack_sharing_enabled":true,"_links":{"self":[{"href":"https:\/\/travelnewcity.com\/en\/wp-json\/wp\/v2\/pages\/3056","targetHints":{"allow":["GET"]}}],"collection":[{"href":"https:\/\/travelnewcity.com\/en\/wp-json\/wp\/v2\/pages"}],"about":[{"href":"https:\/\/travelnewcity.com\/en\/wp-json\/wp\/v2\/types\/page"}],"author":[{"embeddable":true,"href":"https:\/\/travelnewcity.com\/en\/wp-json\/wp\/v2\/users\/1"}],"replies":[{"embeddable":true,"href":"https:\/\/travelnewcity.com\/en\/wp-json\/wp\/v2\/comments?post=3056"}],"version-history":[{"count":40,"href":"https:\/\/travelnewcity.com\/en\/wp-json\/wp\/v2\/pages\/3056\/revisions"}],"predecessor-version":[{"id":5693,"href":"https:\/\/travelnewcity.com\/en\/wp-json\/wp\/v2\/pages\/3056\/revisions\/5693"}],"wp:attachment":[{"href":"https:\/\/travelnewcity.com\/en\/wp-json\/wp\/v2\/media?parent=3056"}],"curies":[{"name":"wp","href":"https:\/\/api.w.org\/{rel}","templated":true}]}}