{"id":5660,"date":"2024-12-13T10:53:47","date_gmt":"2024-12-13T07:53:47","guid":{"rendered":"https:\/\/travelnewcity.com\/?post_type=product&#038;p=5660"},"modified":"2024-12-15T15:20:33","modified_gmt":"2024-12-15T12:20:33","slug":"kaplica-turu","status":"publish","type":"product","link":"https:\/\/travelnewcity.com\/es\/product-2\/kaplica-turu\/","title":{"rendered":"Bursa Termal Otel Gezi ve Tur"},"content":{"rendered":"","protected":false},"excerpt":{"rendered":"<p>Sabah Kahvalt\u0131s\u0131<\/p>\n<p>Ak\u015fam Yeme\u011fi<\/p>\n<p>Kad\u0131n Erkek ayr\u0131 T\u00fcrk Hamam\u0131<\/p>\n<p>Ortak Termal Havuz<\/p>\n<p>\u00dccrete Ek olarak 10 G\u00fcnl\u00fck S\u00fcre\u00e7te 2 kez B\u00fcy\u00fck Bursa Turu<\/p>","protected":false},"featured_media":5742,"comment_status":"open","ping_status":"closed","template":"","meta":[],"product_brand":[],"product_cat":[15],"product_tag":[],"class_list":{"0":"post-5660","1":"product","2":"type-product","3":"status-publish","4":"has-post-thumbnail","6":"product_cat-uncategorized","8":"first","9":"instock","10":"virtual","11":"purchasable","12":"product-type-simple"},"yoast_head":"<!-- This site is optimized with the Yoast SEO plugin v26.3 - https:\/\/yoast.com\/wordpress\/plugins\/seo\/ -->\n<title>Bursa Termal Otel Gezi ve Tur | Travel New City<\/title>\n<meta name=\"robots\" content=\"index, follow, max-snippet:-1, max-image-preview:large, max-video-preview:-1\" \/>\n<link rel=\"canonical\" href=\"https:\/\/travelnewcity.com\/es\/product-2\/kaplica-turu\/\" \/>\n<meta property=\"og:locale\" content=\"es_ES\" \/>\n<meta property=\"og:type\" content=\"article\" \/>\n<meta property=\"og:title\" content=\"Bursa Termal Otel Gezi ve Tur | Travel New City\" \/>\n<meta property=\"og:description\" content=\"Sabah Kahvalt\u0131s\u0131  Ak\u015fam Yeme\u011fi  Kad\u0131n Erkek ayr\u0131 T\u00fcrk Hamam\u0131  Ortak Termal Havuz  \u00dccrete Ek olarak 10 G\u00fcnl\u00fck S\u00fcre\u00e7te 2 kez B\u00fcy\u00fck Bursa Turu\" \/>\n<meta property=\"og:url\" content=\"https:\/\/travelnewcity.com\/es\/product-2\/kaplica-turu\/\" \/>\n<meta property=\"og:site_name\" content=\"Travel New City\" \/>\n<meta property=\"article:publisher\" content=\"https:\/\/www.facebook.com\/people\/New-Cty-Travel\/61568825113994\/\" \/>\n<meta property=\"article:modified_time\" content=\"2024-12-15T12:20:33+00:00\" \/>\n<meta property=\"og:image\" content=\"https:\/\/travelnewcity.com\/wp-content\/uploads\/2024\/12\/marigold-thermal-bursa-76409768.jpg\" \/>\n\t<meta property=\"og:image:width\" content=\"375\" \/>\n\t<meta property=\"og:image:height\" content=\"250\" \/>\n\t<meta property=\"og:image:type\" content=\"image\/jpeg\" \/>\n<meta name=\"twitter:card\" content=\"summary_large_image\" \/>\n<meta name=\"twitter:label1\" content=\"Tiempo de lectura\" \/>\n\t<meta name=\"twitter:data1\" content=\"1 minuto\" \/>\n<script type=\"application\/ld+json\" class=\"yoast-schema-graph\">{\"@context\":\"https:\/\/schema.org\",\"@graph\":[{\"@type\":\"WebPage\",\"@id\":\"https:\/\/travelnewcity.com\/product\/kaplica-turu\/\",\"url\":\"https:\/\/travelnewcity.com\/product\/kaplica-turu\/\",\"name\":\"Bursa Termal Otel Gezi ve Tur | Travel New City\",\"isPartOf\":{\"@id\":\"https:\/\/travelnewcity.com\/#website\"},\"primaryImageOfPage\":{\"@id\":\"https:\/\/travelnewcity.com\/product\/kaplica-turu\/#primaryimage\"},\"image\":{\"@id\":\"https:\/\/travelnewcity.com\/product\/kaplica-turu\/#primaryimage\"},\"thumbnailUrl\":\"https:\/\/i0.wp.com\/travelnewcity.com\/wp-content\/uploads\/2024\/12\/marigold-thermal-bursa-76409768.jpg?fit=375%2C250&ssl=1\",\"datePublished\":\"2024-12-13T07:53:47+00:00\",\"dateModified\":\"2024-12-15T12:20:33+00:00\",\"breadcrumb\":{\"@id\":\"https:\/\/travelnewcity.com\/product\/kaplica-turu\/#breadcrumb\"},\"inLanguage\":\"es\",\"potentialAction\":[{\"@type\":\"ReadAction\",\"target\":[\"https:\/\/travelnewcity.com\/product\/kaplica-turu\/\"]}]},{\"@type\":\"ImageObject\",\"inLanguage\":\"es\",\"@id\":\"https:\/\/travelnewcity.com\/product\/kaplica-turu\/#primaryimage\",\"url\":\"https:\/\/i0.wp.com\/travelnewcity.com\/wp-content\/uploads\/2024\/12\/marigold-thermal-bursa-76409768.jpg?fit=375%2C250&ssl=1\",\"contentUrl\":\"https:\/\/i0.wp.com\/travelnewcity.com\/wp-content\/uploads\/2024\/12\/marigold-thermal-bursa-76409768.jpg?fit=375%2C250&ssl=1\",\"width\":375,\"height\":250},{\"@type\":\"BreadcrumbList\",\"@id\":\"https:\/\/travelnewcity.com\/product\/kaplica-turu\/#breadcrumb\",\"itemListElement\":[{\"@type\":\"ListItem\",\"position\":1,\"name\":\"Home\",\"item\":\"https:\/\/travelnewcity.com\/\"},{\"@type\":\"ListItem\",\"position\":2,\"name\":\"Turlar\",\"item\":\"https:\/\/travelnewcity.com\/turlar\/\"},{\"@type\":\"ListItem\",\"position\":3,\"name\":\"Bursa Termal Otel Gezi ve Tur\"}]},{\"@type\":\"WebSite\",\"@id\":\"https:\/\/travelnewcity.com\/#website\",\"url\":\"https:\/\/travelnewcity.com\/\",\"name\":\"Travel New City\",\"description\":\"Efsane T\u00fcrkiye B\u00fcy\u00fcl\u00fc Turlar\",\"publisher\":{\"@id\":\"https:\/\/travelnewcity.com\/#organization\"},\"potentialAction\":[{\"@type\":\"SearchAction\",\"target\":{\"@type\":\"EntryPoint\",\"urlTemplate\":\"https:\/\/travelnewcity.com\/?s={search_term_string}\"},\"query-input\":{\"@type\":\"PropertyValueSpecification\",\"valueRequired\":true,\"valueName\":\"search_term_string\"}}],\"inLanguage\":\"es\"},{\"@type\":\"Organization\",\"@id\":\"https:\/\/travelnewcity.com\/#organization\",\"name\":\"Travel New City\",\"url\":\"https:\/\/travelnewcity.com\/\",\"logo\":{\"@type\":\"ImageObject\",\"inLanguage\":\"es\",\"@id\":\"https:\/\/travelnewcity.com\/#\/schema\/logo\/image\/\",\"url\":\"https:\/\/travelnewcity.com\/wp-content\/uploads\/2024\/11\/kirmizi-beyaz.svg\",\"contentUrl\":\"https:\/\/travelnewcity.com\/wp-content\/uploads\/2024\/11\/kirmizi-beyaz.svg\",\"width\":350,\"height\":100,\"caption\":\"Travel New City\"},\"image\":{\"@id\":\"https:\/\/travelnewcity.com\/#\/schema\/logo\/image\/\"},\"sameAs\":[\"https:\/\/www.facebook.com\/people\/New-Cty-Travel\/61568825113994\/\",\"https:\/\/www.instagram.com\/newcity_travel\/\"]}]}<\/script>\n<!-- \/ Yoast SEO plugin. -->","yoast_head_json":{"title":"Bursa Termal Otel Gezi ve Tur | Travel New City","robots":{"index":"index","follow":"follow","max-snippet":"max-snippet:-1","max-image-preview":"max-image-preview:large","max-video-preview":"max-video-preview:-1"},"canonical":"https:\/\/travelnewcity.com\/es\/product-2\/kaplica-turu\/","og_locale":"es_ES","og_type":"article","og_title":"Bursa Termal Otel Gezi ve Tur | Travel New City","og_description":"Sabah Kahvalt\u0131s\u0131  Ak\u015fam Yeme\u011fi  Kad\u0131n Erkek ayr\u0131 T\u00fcrk Hamam\u0131  Ortak Termal Havuz  \u00dccrete Ek olarak 10 G\u00fcnl\u00fck S\u00fcre\u00e7te 2 kez B\u00fcy\u00fck Bursa Turu","og_url":"https:\/\/travelnewcity.com\/es\/product-2\/kaplica-turu\/","og_site_name":"Travel New City","article_publisher":"https:\/\/www.facebook.com\/people\/New-Cty-Travel\/61568825113994\/","article_modified_time":"2024-12-15T12:20:33+00:00","og_image":[{"width":375,"height":250,"url":"https:\/\/travelnewcity.com\/wp-content\/uploads\/2024\/12\/marigold-thermal-bursa-76409768.jpg","type":"image\/jpeg"}],"twitter_card":"summary_large_image","twitter_misc":{"Tiempo de lectura":"1 minuto"},"schema":{"@context":"https:\/\/schema.org","@graph":[{"@type":"WebPage","@id":"https:\/\/travelnewcity.com\/product\/kaplica-turu\/","url":"https:\/\/travelnewcity.com\/product\/kaplica-turu\/","name":"Bursa Termal Otel Gezi ve Tur | Travel New City","isPartOf":{"@id":"https:\/\/travelnewcity.com\/#website"},"primaryImageOfPage":{"@id":"https:\/\/travelnewcity.com\/product\/kaplica-turu\/#primaryimage"},"image":{"@id":"https:\/\/travelnewcity.com\/product\/kaplica-turu\/#primaryimage"},"thumbnailUrl":"https:\/\/i0.wp.com\/travelnewcity.com\/wp-content\/uploads\/2024\/12\/marigold-thermal-bursa-76409768.jpg?fit=375%2C250&ssl=1","datePublished":"2024-12-13T07:53:47+00:00","dateModified":"2024-12-15T12:20:33+00:00","breadcrumb":{"@id":"https:\/\/travelnewcity.com\/product\/kaplica-turu\/#breadcrumb"},"inLanguage":"es","potentialAction":[{"@type":"ReadAction","target":["https:\/\/travelnewcity.com\/product\/kaplica-turu\/"]}]},{"@type":"ImageObject","inLanguage":"es","@id":"https:\/\/travelnewcity.com\/product\/kaplica-turu\/#primaryimage","url":"https:\/\/i0.wp.com\/travelnewcity.com\/wp-content\/uploads\/2024\/12\/marigold-thermal-bursa-76409768.jpg?fit=375%2C250&ssl=1","contentUrl":"https:\/\/i0.wp.com\/travelnewcity.com\/wp-content\/uploads\/2024\/12\/marigold-thermal-bursa-76409768.jpg?fit=375%2C250&ssl=1","width":375,"height":250},{"@type":"BreadcrumbList","@id":"https:\/\/travelnewcity.com\/product\/kaplica-turu\/#breadcrumb","itemListElement":[{"@type":"ListItem","position":1,"name":"Home","item":"https:\/\/travelnewcity.com\/"},{"@type":"ListItem","position":2,"name":"Turlar","item":"https:\/\/travelnewcity.com\/turlar\/"},{"@type":"ListItem","position":3,"name":"Bursa Termal Otel Gezi ve Tur"}]},{"@type":"WebSite","@id":"https:\/\/travelnewcity.com\/#website","url":"https:\/\/travelnewcity.com\/","name":"Viajar a Nueva Ciudad","description":"Viajes m\u00e1gicos a la Turqu\u00eda legendaria","publisher":{"@id":"https:\/\/travelnewcity.com\/#organization"},"potentialAction":[{"@type":"SearchAction","target":{"@type":"EntryPoint","urlTemplate":"https:\/\/travelnewcity.com\/?s={search_term_string}"},"query-input":{"@type":"PropertyValueSpecification","valueRequired":true,"valueName":"search_term_string"}}],"inLanguage":"es"},{"@type":"Organization","@id":"https:\/\/travelnewcity.com\/#organization","name":"Viajar a Nueva Ciudad","url":"https:\/\/travelnewcity.com\/","logo":{"@type":"ImageObject","inLanguage":"es","@id":"https:\/\/travelnewcity.com\/#\/schema\/logo\/image\/","url":"https:\/\/travelnewcity.com\/wp-content\/uploads\/2024\/11\/kirmizi-beyaz.svg","contentUrl":"https:\/\/travelnewcity.com\/wp-content\/uploads\/2024\/11\/kirmizi-beyaz.svg","width":350,"height":100,"caption":"Travel New City"},"image":{"@id":"https:\/\/travelnewcity.com\/#\/schema\/logo\/image\/"},"sameAs":["https:\/\/www.facebook.com\/people\/New-Cty-Travel\/61568825113994\/","https:\/\/www.instagram.com\/newcity_travel\/"]}]}},"jetpack_sharing_enabled":true,"_links":{"self":[{"href":"https:\/\/travelnewcity.com\/es\/wp-json\/wp\/v2\/product\/5660","targetHints":{"allow":["GET"]}}],"collection":[{"href":"https:\/\/travelnewcity.com\/es\/wp-json\/wp\/v2\/product"}],"about":[{"href":"https:\/\/travelnewcity.com\/es\/wp-json\/wp\/v2\/types\/product"}],"replies":[{"embeddable":true,"href":"https:\/\/travelnewcity.com\/es\/wp-json\/wp\/v2\/comments?post=5660"}],"wp:featuredmedia":[{"embeddable":true,"href":"https:\/\/travelnewcity.com\/es\/wp-json\/wp\/v2\/media\/5742"}],"wp:attachment":[{"href":"https:\/\/travelnewcity.com\/es\/wp-json\/wp\/v2\/media?parent=5660"}],"wp:term":[{"taxonomy":"product_brand","embeddable":true,"href":"https:\/\/travelnewcity.com\/es\/wp-json\/wp\/v2\/product_brand?post=5660"},{"taxonomy":"product_cat","embeddable":true,"href":"https:\/\/travelnewcity.com\/es\/wp-json\/wp\/v2\/product_cat?post=5660"},{"taxonomy":"product_tag","embeddable":true,"href":"https:\/\/travelnewcity.com\/es\/wp-json\/wp\/v2\/product_tag?post=5660"}],"curies":[{"name":"wp","href":"https:\/\/api.w.org\/{rel}","templated":true}]}}