{"id":4954,"date":"2024-12-06T08:28:01","date_gmt":"2024-12-06T08:28:01","guid":{"rendered":"https:\/\/travelnewcity.com\/?page_id=4954"},"modified":"2024-12-13T12:08:21","modified_gmt":"2024-12-13T09:08:21","slug":"mesafeli-satis-sozlesmesi","status":"publish","type":"page","link":"https:\/\/travelnewcity.com\/it\/mesafeli-satis-sozlesmesi\/","title":{"rendered":"Contratto di vendita a distanza"},"content":{"rendered":"<div data-elementor-type=\"wp-page\" data-elementor-id=\"4954\" class=\"elementor elementor-4954\" data-elementor-post-type=\"page\">\n\t\t\t\t<div class=\"elementor-element elementor-element-7e8ccdd e-flex e-con-boxed wpr-particle-no wpr-jarallax-no wpr-parallax-no wpr-sticky-section-no wpr-equal-height-no e-con e-parent\" data-id=\"7e8ccdd\" data-element_type=\"container\" data-e-type=\"container\">\n\t\t\t\t\t<div class=\"e-con-inner\">\n\t\t\t\t<div class=\"elementor-element elementor-element-e8608e1 elementor-widget-divider--view-line elementor-widget elementor-widget-divider\" data-id=\"e8608e1\" data-element_type=\"widget\" data-e-type=\"widget\" data-widget_type=\"divider.default\">\n\t\t\t\t<div class=\"elementor-widget-container\">\n\t\t\t\t\t\t\t<div class=\"elementor-divider\">\n\t\t\t<span class=\"elementor-divider-separator\">\n\t\t\t\t\t\t<\/span>\n\t\t<\/div>\n\t\t\t\t\t\t<\/div>\n\t\t\t\t<\/div>\n\t\t\t\t\t<\/div>\n\t\t\t\t<\/div>\n\t\t<div class=\"elementor-element elementor-element-2cf25b4 e-flex e-con-boxed wpr-particle-no wpr-jarallax-no wpr-parallax-no wpr-sticky-section-no wpr-equal-height-no e-con e-parent\" data-id=\"2cf25b4\" data-element_type=\"container\" data-e-type=\"container\">\n\t\t\t\t\t<div class=\"e-con-inner\">\n\t\t\t\t<div class=\"elementor-element elementor-element-7b15e46 elementor-widget elementor-widget-heading\" data-id=\"7b15e46\" data-element_type=\"widget\" data-e-type=\"widget\" data-widget_type=\"heading.default\">\n\t\t\t\t<div class=\"elementor-widget-container\">\n\t\t\t\t\t<h2 class=\"elementor-heading-title elementor-size-default\">Contratto di vendita a distanza<\/h2>\t\t\t\t<\/div>\n\t\t\t\t<\/div>\n\t\t\t\t\t<\/div>\n\t\t\t\t<\/div>\n\t\t<div class=\"elementor-element elementor-element-27b8588 e-flex e-con-boxed wpr-particle-no wpr-jarallax-no wpr-parallax-no wpr-sticky-section-no wpr-equal-height-no e-con e-parent\" data-id=\"27b8588\" data-element_type=\"container\" data-e-type=\"container\">\n\t\t\t\t\t<div class=\"e-con-inner\">\n\t\t\t\t<div class=\"elementor-element elementor-element-f185808 elementor-widget elementor-widget-text-editor\" data-id=\"f185808\" data-element_type=\"widget\" data-e-type=\"widget\" data-widget_type=\"text-editor.default\">\n\t\t\t\t<div class=\"elementor-widget-container\">\n\t\t\t\t\t\t\t\t\t<p>\u0130\u015fbu s\u00f6zle\u015fmenin konusu, Al\u0131c\u0131&#8217;n\u0131n Sat\u0131c\u0131&#8217;ya ait www.travelnewcity.com\u00a0adresli internet sitesi \u00fczerinden elektronik ortamda sipari\u015fini verdi\u011fi tur ve hizmetlerin, 6502 say\u0131l\u0131 T\u00fcketicinin Korunmas\u0131 Hakk\u0131nda Kanun ve Mesafeli S\u00f6zle\u015fmeler Y\u00f6netmeli\u011fi&#8217;ne uygun olarak sat\u0131\u015f\u0131na ve teslimine ili\u015fkin taraflar\u0131n hak ve y\u00fck\u00fcml\u00fcl\u00fcklerinin belirlenmesidir.<\/p><p><strong>3. H\u0130ZMET\u0130N N\u0130TEL\u0130KLER\u0130<\/strong><br \/>Al\u0131c\u0131\u2019n\u0131n sat\u0131n ald\u0131\u011f\u0131 tur ve hizmetlerin temel \u00f6zellikleri, t\u00fcr\u00fc, s\u00fcresi, \u00fccreti ve di\u011fer detaylar\u0131, internet sitesindeki hizmet tan\u0131mlar\u0131nda belirtilmi\u015ftir.<\/p><p><strong>4. H\u0130ZMET BEDEL\u0130 VE \u00d6DEME<\/strong><br \/>Al\u0131c\u0131, sipari\u015f verdi\u011fi hizmetin bedelini, internet sitesinde belirtilen \u00f6deme y\u00f6ntemleri ile \u00f6demeyi kabul eder. Fiyatlar, KDV dahil olarak belirtilmi\u015f olup, ek \u00fccretler varsa bu da a\u00e7\u0131k\u00e7a g\u00f6sterilir.<\/p><p><strong>5. \u0130PTAL, \u0130ADE VE DE\u011e\u0130\u015e\u0130KL\u0130K<\/strong><\/p><ul><li>Al\u0131c\u0131, tur tarihinden en az [15 g\u00fcn] \u00f6nce iptal talebinde bulunursa \u00f6demenin tamam\u0131 iade edilir.<\/li><li>Tur tarihine [7 g\u00fcnden az] kala yap\u0131lan iptallerde iade yap\u0131lmaz.<\/li><li>Al\u0131c\u0131, m\u00fccbir sebepler nedeniyle kat\u0131lamad\u0131\u011f\u0131 tur i\u00e7in, uygun bir tarihe de\u011fi\u015fiklik talep edebilir.<\/li><\/ul><p><strong>6. CAYMA HAKKI<\/strong><br \/>Al\u0131c\u0131, s\u00f6zle\u015fmenin kendisine ula\u015fmas\u0131ndan itibaren 14 g\u00fcn i\u00e7inde herhangi bir gerek\u00e7e g\u00f6stermeksizin ve cezai \u015fart \u00f6demeksizin cayma hakk\u0131na sahiptir. Ancak, tur hizmetinin ba\u015flamas\u0131na [14 g\u00fcn] veya daha az s\u00fcre kald\u0131ysa cayma hakk\u0131 kullan\u0131lamaz.<\/p><p><strong>7. H\u0130ZMET\u0130N \u0130FA ED\u0130LMEMES\u0130<\/strong><br \/>Sat\u0131c\u0131, belirtilen turu hava ko\u015fullar\u0131, m\u00fccbir sebepler veya yeterli kat\u0131l\u0131m sa\u011flanmamas\u0131 durumunda iptal etme hakk\u0131na sahiptir. Bu durumda, Al\u0131c\u0131\u2019ya \u00f6dedi\u011fi \u00fccret eksiksiz olarak iade edilir.<\/p><p><strong>8. G\u0130ZL\u0130L\u0130K VE K\u0130\u015e\u0130SEL VER\u0130LER\u0130N KORUNMASI<\/strong><br \/>Sat\u0131c\u0131, Al\u0131c\u0131\u2019n\u0131n ki\u015fisel verilerini gizli tutmay\u0131 ve yaln\u0131zca ilgili yasal d\u00fczenlemelere uygun olarak i\u015flemeyi taahh\u00fct eder.<\/p><p><strong>9. YETK\u0130L\u0130 MAHKEME<\/strong><br \/>\u0130\u015fbu s\u00f6zle\u015fmeden do\u011fabilecek uyu\u015fmazl\u0131klarda, Al\u0131c\u0131\u2019n\u0131n yerle\u015fim yerindeki T\u00fcketici Hakem Heyetleri ve T\u00fcketici Mahkemeleri yetkilidir.<\/p>\t\t\t\t\t\t\t\t<\/div>\n\t\t\t\t<\/div>\n\t\t\t\t\t<\/div>\n\t\t\t\t<\/div>\n\t\t<div class=\"elementor-element elementor-element-309001c e-flex e-con-boxed wpr-particle-no wpr-jarallax-no wpr-parallax-no wpr-sticky-section-no wpr-equal-height-no e-con e-parent\" data-id=\"309001c\" data-element_type=\"container\" data-e-type=\"container\">\n\t\t\t\t\t<div class=\"e-con-inner\">\n\t\t\t\t<div class=\"elementor-element elementor-element-d6b5a44 elementor-widget-divider--view-line elementor-widget elementor-widget-divider\" data-id=\"d6b5a44\" data-element_type=\"widget\" data-e-type=\"widget\" data-widget_type=\"divider.default\">\n\t\t\t\t<div class=\"elementor-widget-container\">\n\t\t\t\t\t\t\t<div class=\"elementor-divider\">\n\t\t\t<span class=\"elementor-divider-separator\">\n\t\t\t\t\t\t<\/span>\n\t\t<\/div>\n\t\t\t\t\t\t<\/div>\n\t\t\t\t<\/div>\n\t\t\t\t\t<\/div>\n\t\t\t\t<\/div>\n\t\t\t\t<\/div>","protected":false},"excerpt":{"rendered":"<p>Mesafeli Sat\u0131\u015f S\u00f6zle\u015fmesi \u0130\u015fbu s\u00f6zle\u015fmenin konusu, Al\u0131c\u0131&#8217;n\u0131n Sat\u0131c\u0131&#8217;ya ait www.travelnewcity.com\u00a0adresli internet sitesi \u00fczerinden elektronik ortamda sipari\u015fini verdi\u011fi tur ve hizmetlerin, 6502 say\u0131l\u0131 T\u00fcketicinin Korunmas\u0131 Hakk\u0131nda Kanun ve Mesafeli S\u00f6zle\u015fmeler Y\u00f6netmeli\u011fi&#8217;ne uygun olarak sat\u0131\u015f\u0131na ve teslimine ili\u015fkin taraflar\u0131n hak ve y\u00fck\u00fcml\u00fcl\u00fcklerinin belirlenmesidir. 3. H\u0130ZMET\u0130N N\u0130TEL\u0130KLER\u0130Al\u0131c\u0131\u2019n\u0131n sat\u0131n ald\u0131\u011f\u0131 tur ve hizmetlerin temel \u00f6zellikleri, t\u00fcr\u00fc, s\u00fcresi, \u00fccreti ve di\u011fer detaylar\u0131, internet sitesindeki hizmet tan\u0131mlar\u0131nda belirtilmi\u015ftir. 4. H\u0130ZMET BEDEL\u0130 VE \u00d6DEMEAl\u0131c\u0131, sipari\u015f verdi\u011fi hizmetin bedelini, internet sitesinde belirtilen \u00f6deme y\u00f6ntemleri ile \u00f6demeyi kabul eder. Fiyatlar, KDV dahil olarak belirtilmi\u015f olup, ek \u00fccretler varsa bu da a\u00e7\u0131k\u00e7a g\u00f6sterilir. 5. \u0130PTAL, \u0130ADE VE DE\u011e\u0130\u015e\u0130KL\u0130K Al\u0131c\u0131, tur tarihinden en az [15 g\u00fcn] \u00f6nce iptal talebinde bulunursa \u00f6demenin tamam\u0131 iade edilir. Tur tarihine [7 g\u00fcnden az] kala yap\u0131lan iptallerde iade yap\u0131lmaz. Al\u0131c\u0131, m\u00fccbir sebepler nedeniyle kat\u0131lamad\u0131\u011f\u0131 tur i\u00e7in, uygun bir tarihe de\u011fi\u015fiklik talep edebilir. 6. CAYMA HAKKIAl\u0131c\u0131, s\u00f6zle\u015fmenin kendisine ula\u015fmas\u0131ndan itibaren 14 g\u00fcn i\u00e7inde herhangi bir gerek\u00e7e g\u00f6stermeksizin ve cezai \u015fart \u00f6demeksizin cayma hakk\u0131na sahiptir. Ancak, tur hizmetinin ba\u015flamas\u0131na [14 g\u00fcn] veya daha az s\u00fcre kald\u0131ysa cayma hakk\u0131 kullan\u0131lamaz. 7. H\u0130ZMET\u0130N \u0130FA ED\u0130LMEMES\u0130Sat\u0131c\u0131, belirtilen turu hava ko\u015fullar\u0131, m\u00fccbir sebepler veya yeterli kat\u0131l\u0131m sa\u011flanmamas\u0131 durumunda iptal etme hakk\u0131na sahiptir. Bu durumda, Al\u0131c\u0131\u2019ya \u00f6dedi\u011fi \u00fccret eksiksiz olarak iade edilir. 8. G\u0130ZL\u0130L\u0130K VE K\u0130\u015e\u0130SEL VER\u0130LER\u0130N KORUNMASISat\u0131c\u0131, Al\u0131c\u0131\u2019n\u0131n ki\u015fisel verilerini gizli tutmay\u0131 ve yaln\u0131zca ilgili yasal d\u00fczenlemelere uygun olarak i\u015flemeyi taahh\u00fct eder. 9. YETK\u0130L\u0130 MAHKEME\u0130\u015fbu s\u00f6zle\u015fmeden do\u011fabilecek uyu\u015fmazl\u0131klarda, Al\u0131c\u0131\u2019n\u0131n yerle\u015fim yerindeki T\u00fcketici Hakem Heyetleri ve T\u00fcketici Mahkemeleri yetkilidir.<\/p>","protected":false},"author":1,"featured_media":0,"parent":0,"menu_order":0,"comment_status":"closed","ping_status":"closed","template":"","meta":{"footnotes":""},"class_list":["post-4954","page","type-page","status-publish","hentry"],"yoast_head":"<!-- This site is optimized with the Yoast SEO plugin v26.3 - https:\/\/yoast.com\/wordpress\/plugins\/seo\/ -->\n<title>Mesafeli Sat\u0131\u015f S\u00f6zle\u015fmesi | Travel New City<\/title>\n<meta name=\"robots\" content=\"index, follow, max-snippet:-1, max-image-preview:large, max-video-preview:-1\" \/>\n<link rel=\"canonical\" href=\"https:\/\/travelnewcity.com\/it\/mesafeli-satis-sozlesmesi\/\" \/>\n<meta property=\"og:locale\" content=\"it_IT\" \/>\n<meta property=\"og:type\" content=\"article\" \/>\n<meta property=\"og:title\" content=\"Mesafeli Sat\u0131\u015f S\u00f6zle\u015fmesi | Travel New City\" \/>\n<meta property=\"og:description\" content=\"Mesafeli Sat\u0131\u015f S\u00f6zle\u015fmesi \u0130\u015fbu s\u00f6zle\u015fmenin konusu, Al\u0131c\u0131&#8217;n\u0131n Sat\u0131c\u0131&#8217;ya ait www.travelnewcity.com\u00a0adresli internet sitesi \u00fczerinden elektronik ortamda sipari\u015fini verdi\u011fi tur ve hizmetlerin, 6502 say\u0131l\u0131 T\u00fcketicinin Korunmas\u0131 Hakk\u0131nda Kanun ve Mesafeli S\u00f6zle\u015fmeler Y\u00f6netmeli\u011fi&#8217;ne uygun olarak sat\u0131\u015f\u0131na ve teslimine ili\u015fkin taraflar\u0131n hak ve y\u00fck\u00fcml\u00fcl\u00fcklerinin belirlenmesidir. 3. H\u0130ZMET\u0130N N\u0130TEL\u0130KLER\u0130Al\u0131c\u0131\u2019n\u0131n sat\u0131n ald\u0131\u011f\u0131 tur ve hizmetlerin temel \u00f6zellikleri, t\u00fcr\u00fc, s\u00fcresi, \u00fccreti ve di\u011fer detaylar\u0131, internet sitesindeki hizmet tan\u0131mlar\u0131nda belirtilmi\u015ftir. 4. H\u0130ZMET BEDEL\u0130 VE \u00d6DEMEAl\u0131c\u0131, sipari\u015f verdi\u011fi hizmetin bedelini, internet sitesinde belirtilen \u00f6deme y\u00f6ntemleri ile \u00f6demeyi kabul eder. Fiyatlar, KDV dahil olarak belirtilmi\u015f olup, ek \u00fccretler varsa bu da a\u00e7\u0131k\u00e7a g\u00f6sterilir. 5. \u0130PTAL, \u0130ADE VE DE\u011e\u0130\u015e\u0130KL\u0130K Al\u0131c\u0131, tur tarihinden en az [15 g\u00fcn] \u00f6nce iptal talebinde bulunursa \u00f6demenin tamam\u0131 iade edilir. Tur tarihine [7 g\u00fcnden az] kala yap\u0131lan iptallerde iade yap\u0131lmaz. Al\u0131c\u0131, m\u00fccbir sebepler nedeniyle kat\u0131lamad\u0131\u011f\u0131 tur i\u00e7in, uygun bir tarihe de\u011fi\u015fiklik talep edebilir. 6. CAYMA HAKKIAl\u0131c\u0131, s\u00f6zle\u015fmenin kendisine ula\u015fmas\u0131ndan itibaren 14 g\u00fcn i\u00e7inde herhangi bir gerek\u00e7e g\u00f6stermeksizin ve cezai \u015fart \u00f6demeksizin cayma hakk\u0131na sahiptir. Ancak, tur hizmetinin ba\u015flamas\u0131na [14 g\u00fcn] veya daha az s\u00fcre kald\u0131ysa cayma hakk\u0131 kullan\u0131lamaz. 7. H\u0130ZMET\u0130N \u0130FA ED\u0130LMEMES\u0130Sat\u0131c\u0131, belirtilen turu hava ko\u015fullar\u0131, m\u00fccbir sebepler veya yeterli kat\u0131l\u0131m sa\u011flanmamas\u0131 durumunda iptal etme hakk\u0131na sahiptir. Bu durumda, Al\u0131c\u0131\u2019ya \u00f6dedi\u011fi \u00fccret eksiksiz olarak iade edilir. 8. G\u0130ZL\u0130L\u0130K VE K\u0130\u015e\u0130SEL VER\u0130LER\u0130N KORUNMASISat\u0131c\u0131, Al\u0131c\u0131\u2019n\u0131n ki\u015fisel verilerini gizli tutmay\u0131 ve yaln\u0131zca ilgili yasal d\u00fczenlemelere uygun olarak i\u015flemeyi taahh\u00fct eder. 9. YETK\u0130L\u0130 MAHKEME\u0130\u015fbu s\u00f6zle\u015fmeden do\u011fabilecek uyu\u015fmazl\u0131klarda, Al\u0131c\u0131\u2019n\u0131n yerle\u015fim yerindeki T\u00fcketici Hakem Heyetleri ve T\u00fcketici Mahkemeleri yetkilidir.\" \/>\n<meta property=\"og:url\" content=\"https:\/\/travelnewcity.com\/it\/mesafeli-satis-sozlesmesi\/\" \/>\n<meta property=\"og:site_name\" content=\"Travel New City\" \/>\n<meta property=\"article:publisher\" content=\"https:\/\/www.facebook.com\/people\/New-Cty-Travel\/61568825113994\/\" \/>\n<meta property=\"article:modified_time\" content=\"2024-12-13T09:08:21+00:00\" \/>\n<meta property=\"og:image\" content=\"https:\/\/i0.wp.com\/travelnewcity.com\/wp-content\/uploads\/2024\/11\/cropped-logo-tek.webp?fit=512%2C512&ssl=1\" \/>\n\t<meta property=\"og:image:width\" content=\"512\" \/>\n\t<meta property=\"og:image:height\" content=\"512\" \/>\n\t<meta property=\"og:image:type\" content=\"image\/webp\" \/>\n<meta name=\"twitter:card\" content=\"summary_large_image\" \/>\n<meta name=\"twitter:label1\" content=\"Tempo di lettura stimato\" \/>\n\t<meta name=\"twitter:data1\" content=\"2 minuti\" \/>\n<script type=\"application\/ld+json\" class=\"yoast-schema-graph\">{\"@context\":\"https:\/\/schema.org\",\"@graph\":[{\"@type\":\"WebPage\",\"@id\":\"https:\/\/travelnewcity.com\/mesafeli-satis-sozlesmesi\/\",\"url\":\"https:\/\/travelnewcity.com\/mesafeli-satis-sozlesmesi\/\",\"name\":\"Mesafeli Sat\u0131\u015f S\u00f6zle\u015fmesi | Travel New City\",\"isPartOf\":{\"@id\":\"https:\/\/travelnewcity.com\/#website\"},\"datePublished\":\"2024-12-06T08:28:01+00:00\",\"dateModified\":\"2024-12-13T09:08:21+00:00\",\"breadcrumb\":{\"@id\":\"https:\/\/travelnewcity.com\/mesafeli-satis-sozlesmesi\/#breadcrumb\"},\"inLanguage\":\"it-IT\",\"potentialAction\":[{\"@type\":\"ReadAction\",\"target\":[\"https:\/\/travelnewcity.com\/mesafeli-satis-sozlesmesi\/\"]}]},{\"@type\":\"BreadcrumbList\",\"@id\":\"https:\/\/travelnewcity.com\/mesafeli-satis-sozlesmesi\/#breadcrumb\",\"itemListElement\":[{\"@type\":\"ListItem\",\"position\":1,\"name\":\"Home\",\"item\":\"https:\/\/travelnewcity.com\/\"},{\"@type\":\"ListItem\",\"position\":2,\"name\":\"Mesafeli Sat\u0131\u015f S\u00f6zle\u015fmesi\"}]},{\"@type\":\"WebSite\",\"@id\":\"https:\/\/travelnewcity.com\/#website\",\"url\":\"https:\/\/travelnewcity.com\/\",\"name\":\"Travel New City\",\"description\":\"Efsane T\u00fcrkiye B\u00fcy\u00fcl\u00fc Turlar\",\"publisher\":{\"@id\":\"https:\/\/travelnewcity.com\/#organization\"},\"potentialAction\":[{\"@type\":\"SearchAction\",\"target\":{\"@type\":\"EntryPoint\",\"urlTemplate\":\"https:\/\/travelnewcity.com\/?s={search_term_string}\"},\"query-input\":{\"@type\":\"PropertyValueSpecification\",\"valueRequired\":true,\"valueName\":\"search_term_string\"}}],\"inLanguage\":\"it-IT\"},{\"@type\":\"Organization\",\"@id\":\"https:\/\/travelnewcity.com\/#organization\",\"name\":\"Travel New City\",\"url\":\"https:\/\/travelnewcity.com\/\",\"logo\":{\"@type\":\"ImageObject\",\"inLanguage\":\"it-IT\",\"@id\":\"https:\/\/travelnewcity.com\/#\/schema\/logo\/image\/\",\"url\":\"https:\/\/travelnewcity.com\/wp-content\/uploads\/2024\/11\/kirmizi-beyaz.svg\",\"contentUrl\":\"https:\/\/travelnewcity.com\/wp-content\/uploads\/2024\/11\/kirmizi-beyaz.svg\",\"width\":350,\"height\":100,\"caption\":\"Travel New City\"},\"image\":{\"@id\":\"https:\/\/travelnewcity.com\/#\/schema\/logo\/image\/\"},\"sameAs\":[\"https:\/\/www.facebook.com\/people\/New-Cty-Travel\/61568825113994\/\",\"https:\/\/www.instagram.com\/newcity_travel\/\"]}]}<\/script>\n<!-- \/ Yoast SEO plugin. -->","yoast_head_json":{"title":"Mesafeli Sat\u0131\u015f S\u00f6zle\u015fmesi | Travel New City","robots":{"index":"index","follow":"follow","max-snippet":"max-snippet:-1","max-image-preview":"max-image-preview:large","max-video-preview":"max-video-preview:-1"},"canonical":"https:\/\/travelnewcity.com\/it\/mesafeli-satis-sozlesmesi\/","og_locale":"it_IT","og_type":"article","og_title":"Mesafeli Sat\u0131\u015f S\u00f6zle\u015fmesi | Travel New City","og_description":"Mesafeli Sat\u0131\u015f S\u00f6zle\u015fmesi \u0130\u015fbu s\u00f6zle\u015fmenin konusu, Al\u0131c\u0131&#8217;n\u0131n Sat\u0131c\u0131&#8217;ya ait www.travelnewcity.com\u00a0adresli internet sitesi \u00fczerinden elektronik ortamda sipari\u015fini verdi\u011fi tur ve hizmetlerin, 6502 say\u0131l\u0131 T\u00fcketicinin Korunmas\u0131 Hakk\u0131nda Kanun ve Mesafeli S\u00f6zle\u015fmeler Y\u00f6netmeli\u011fi&#8217;ne uygun olarak sat\u0131\u015f\u0131na ve teslimine ili\u015fkin taraflar\u0131n hak ve y\u00fck\u00fcml\u00fcl\u00fcklerinin belirlenmesidir. 3. H\u0130ZMET\u0130N N\u0130TEL\u0130KLER\u0130Al\u0131c\u0131\u2019n\u0131n sat\u0131n ald\u0131\u011f\u0131 tur ve hizmetlerin temel \u00f6zellikleri, t\u00fcr\u00fc, s\u00fcresi, \u00fccreti ve di\u011fer detaylar\u0131, internet sitesindeki hizmet tan\u0131mlar\u0131nda belirtilmi\u015ftir. 4. H\u0130ZMET BEDEL\u0130 VE \u00d6DEMEAl\u0131c\u0131, sipari\u015f verdi\u011fi hizmetin bedelini, internet sitesinde belirtilen \u00f6deme y\u00f6ntemleri ile \u00f6demeyi kabul eder. Fiyatlar, KDV dahil olarak belirtilmi\u015f olup, ek \u00fccretler varsa bu da a\u00e7\u0131k\u00e7a g\u00f6sterilir. 5. \u0130PTAL, \u0130ADE VE DE\u011e\u0130\u015e\u0130KL\u0130K Al\u0131c\u0131, tur tarihinden en az [15 g\u00fcn] \u00f6nce iptal talebinde bulunursa \u00f6demenin tamam\u0131 iade edilir. Tur tarihine [7 g\u00fcnden az] kala yap\u0131lan iptallerde iade yap\u0131lmaz. Al\u0131c\u0131, m\u00fccbir sebepler nedeniyle kat\u0131lamad\u0131\u011f\u0131 tur i\u00e7in, uygun bir tarihe de\u011fi\u015fiklik talep edebilir. 6. CAYMA HAKKIAl\u0131c\u0131, s\u00f6zle\u015fmenin kendisine ula\u015fmas\u0131ndan itibaren 14 g\u00fcn i\u00e7inde herhangi bir gerek\u00e7e g\u00f6stermeksizin ve cezai \u015fart \u00f6demeksizin cayma hakk\u0131na sahiptir. Ancak, tur hizmetinin ba\u015flamas\u0131na [14 g\u00fcn] veya daha az s\u00fcre kald\u0131ysa cayma hakk\u0131 kullan\u0131lamaz. 7. H\u0130ZMET\u0130N \u0130FA ED\u0130LMEMES\u0130Sat\u0131c\u0131, belirtilen turu hava ko\u015fullar\u0131, m\u00fccbir sebepler veya yeterli kat\u0131l\u0131m sa\u011flanmamas\u0131 durumunda iptal etme hakk\u0131na sahiptir. Bu durumda, Al\u0131c\u0131\u2019ya \u00f6dedi\u011fi \u00fccret eksiksiz olarak iade edilir. 8. G\u0130ZL\u0130L\u0130K VE K\u0130\u015e\u0130SEL VER\u0130LER\u0130N KORUNMASISat\u0131c\u0131, Al\u0131c\u0131\u2019n\u0131n ki\u015fisel verilerini gizli tutmay\u0131 ve yaln\u0131zca ilgili yasal d\u00fczenlemelere uygun olarak i\u015flemeyi taahh\u00fct eder. 9. YETK\u0130L\u0130 MAHKEME\u0130\u015fbu s\u00f6zle\u015fmeden do\u011fabilecek uyu\u015fmazl\u0131klarda, Al\u0131c\u0131\u2019n\u0131n yerle\u015fim yerindeki T\u00fcketici Hakem Heyetleri ve T\u00fcketici Mahkemeleri yetkilidir.","og_url":"https:\/\/travelnewcity.com\/it\/mesafeli-satis-sozlesmesi\/","og_site_name":"Travel New City","article_publisher":"https:\/\/www.facebook.com\/people\/New-Cty-Travel\/61568825113994\/","article_modified_time":"2024-12-13T09:08:21+00:00","og_image":[{"width":512,"height":512,"url":"https:\/\/i0.wp.com\/travelnewcity.com\/wp-content\/uploads\/2024\/11\/cropped-logo-tek.webp?fit=512%2C512&ssl=1","type":"image\/webp"}],"twitter_card":"summary_large_image","twitter_misc":{"Tempo di lettura stimato":"2 minuti"},"schema":{"@context":"https:\/\/schema.org","@graph":[{"@type":"WebPage","@id":"https:\/\/travelnewcity.com\/mesafeli-satis-sozlesmesi\/","url":"https:\/\/travelnewcity.com\/mesafeli-satis-sozlesmesi\/","name":"Mesafeli Sat\u0131\u015f S\u00f6zle\u015fmesi | Travel New City","isPartOf":{"@id":"https:\/\/travelnewcity.com\/#website"},"datePublished":"2024-12-06T08:28:01+00:00","dateModified":"2024-12-13T09:08:21+00:00","breadcrumb":{"@id":"https:\/\/travelnewcity.com\/mesafeli-satis-sozlesmesi\/#breadcrumb"},"inLanguage":"it-IT","potentialAction":[{"@type":"ReadAction","target":["https:\/\/travelnewcity.com\/mesafeli-satis-sozlesmesi\/"]}]},{"@type":"BreadcrumbList","@id":"https:\/\/travelnewcity.com\/mesafeli-satis-sozlesmesi\/#breadcrumb","itemListElement":[{"@type":"ListItem","position":1,"name":"Home","item":"https:\/\/travelnewcity.com\/"},{"@type":"ListItem","position":2,"name":"Mesafeli Sat\u0131\u015f S\u00f6zle\u015fmesi"}]},{"@type":"WebSite","@id":"https:\/\/travelnewcity.com\/#website","url":"https:\/\/travelnewcity.com\/","name":"Viaggio nella nuova citt\u00e0","description":"Tour magici della Turchia leggendaria","publisher":{"@id":"https:\/\/travelnewcity.com\/#organization"},"potentialAction":[{"@type":"SearchAction","target":{"@type":"EntryPoint","urlTemplate":"https:\/\/travelnewcity.com\/?s={search_term_string}"},"query-input":{"@type":"PropertyValueSpecification","valueRequired":true,"valueName":"search_term_string"}}],"inLanguage":"it-IT"},{"@type":"Organization","@id":"https:\/\/travelnewcity.com\/#organization","name":"Viaggio nella nuova citt\u00e0","url":"https:\/\/travelnewcity.com\/","logo":{"@type":"ImageObject","inLanguage":"it-IT","@id":"https:\/\/travelnewcity.com\/#\/schema\/logo\/image\/","url":"https:\/\/travelnewcity.com\/wp-content\/uploads\/2024\/11\/kirmizi-beyaz.svg","contentUrl":"https:\/\/travelnewcity.com\/wp-content\/uploads\/2024\/11\/kirmizi-beyaz.svg","width":350,"height":100,"caption":"Travel New City"},"image":{"@id":"https:\/\/travelnewcity.com\/#\/schema\/logo\/image\/"},"sameAs":["https:\/\/www.facebook.com\/people\/New-Cty-Travel\/61568825113994\/","https:\/\/www.instagram.com\/newcity_travel\/"]}]}},"jetpack_sharing_enabled":true,"_links":{"self":[{"href":"https:\/\/travelnewcity.com\/it\/wp-json\/wp\/v2\/pages\/4954","targetHints":{"allow":["GET"]}}],"collection":[{"href":"https:\/\/travelnewcity.com\/it\/wp-json\/wp\/v2\/pages"}],"about":[{"href":"https:\/\/travelnewcity.com\/it\/wp-json\/wp\/v2\/types\/page"}],"author":[{"embeddable":true,"href":"https:\/\/travelnewcity.com\/it\/wp-json\/wp\/v2\/users\/1"}],"replies":[{"embeddable":true,"href":"https:\/\/travelnewcity.com\/it\/wp-json\/wp\/v2\/comments?post=4954"}],"version-history":[{"count":13,"href":"https:\/\/travelnewcity.com\/it\/wp-json\/wp\/v2\/pages\/4954\/revisions"}],"predecessor-version":[{"id":5687,"href":"https:\/\/travelnewcity.com\/it\/wp-json\/wp\/v2\/pages\/4954\/revisions\/5687"}],"wp:attachment":[{"href":"https:\/\/travelnewcity.com\/it\/wp-json\/wp\/v2\/media?parent=4954"}],"curies":[{"name":"wp","href":"https:\/\/api.w.org\/{rel}","templated":true}]}}