{"id":3706,"date":"2024-11-25T11:41:53","date_gmt":"2024-11-25T11:41:53","guid":{"rendered":"https:\/\/travelnewcity.com\/?post_type=product&#038;p=3706"},"modified":"2024-12-23T13:52:17","modified_gmt":"2024-12-23T10:52:17","slug":"tour-di-istanbul","status":"publish","type":"product","link":"https:\/\/travelnewcity.com\/it\/prodotto-2\/tour-di-istanbul\/","title":{"rendered":"Tour di Istanbul"},"content":{"rendered":"<p><strong>Tour della magnifica Istanbul<\/strong><\/p>\n<p>Un'occasione per scoprire l'affascinante storia e i luoghi unici di Istanbul: questo tour speciale vi permetter\u00e0 di vedere i luoghi pi\u00f9 emblematici della citt\u00e0, di testimoniare la sua storia e di trascorrere una giornata indimenticabile.<\/p>\n<p><strong>Contenuto del tour:<\/strong><br \/>\n\ud83d\udd4c <strong>Piazza Sultanahmet e monumenti storici:<\/strong> Scoprite lo splendore di Santa Sofia, della Moschea Blu e del Palazzo Topkapi.<br \/>\n\ud83c\udfdb\ufe0f <strong>Gran Bazar e Bazar delle Spezie:<\/strong> Perdetevi nel cuore dello shopping e dell'artigianato tradizionale.<br \/>\n\ud83d\udeb6 <strong>Servizio di orientamento:<\/strong> Ascoltate la storia e le storie di Istanbul con una guida professionale.<\/p>\n<p><strong>Perch\u00e9 scegliere questo tour?<\/strong><br \/>\n\u2705 La possibilit\u00e0 di vedere i punti pi\u00f9 importanti della citt\u00e0 in un solo giorno<br \/>\n\u2705 Trasporto confortevole e guide esperte<br \/>\n\u2705 Una giornata piena di fotogrammi indimenticabili<\/p>\n<p><strong>Informazioni sul tour:<\/strong><\/p>\n<ul>\n<li><strong>Durata:<\/strong> 1 giorno<\/li>\n<li><strong>Punto di partenza e di arrivo:<\/strong> Possibilit\u00e0 di prelievo dall'hotel<\/li>\n<li><strong>Prezzo:<\/strong> Organizzato su base giornaliera.<\/li>\n<\/ul>\n<p>Con questo tour potrete fare un viaggio indimenticabile nel cuore di Istanbul. Prenotate ora e vivete un'esperienza unica!<\/p>","protected":false},"excerpt":{"rendered":"<p>&nbsp;<\/p>\n<p>I contenuti del nostro tour di Istanbul:<\/p>\n<p>-Reception dell'aeroporto<\/p>\n<p>-Servizio di trasferimento VIP tra l'aeroporto e l'hotel<\/p>\n<p>-Sistemazione in albergo (la colazione \u00e8 inclusa).<\/p>\n<p>-09.00-17.00 Tour di Istanbul<\/p>\n<p>-Le attivit\u00e0 al di fuori degli orari previsti dal tour sono soggette a un supplemento.<\/p>","protected":false},"featured_media":5759,"comment_status":"open","ping_status":"closed","template":"","meta":[],"product_brand":[],"product_cat":[73],"product_tag":[],"class_list":{"0":"post-3706","1":"product","2":"type-product","3":"status-publish","4":"has-post-thumbnail","6":"product_cat-turlar","8":"first","9":"instock","10":"featured","11":"shipping-taxable","12":"purchasable","13":"product-type-variable"},"yoast_head":"<!-- This site is optimized with the Yoast SEO plugin v26.3 - https:\/\/yoast.com\/wordpress\/plugins\/seo\/ -->\n<title>\u0130stanbul Turu | Travel New City<\/title>\n<meta name=\"robots\" content=\"index, follow, max-snippet:-1, max-image-preview:large, max-video-preview:-1\" \/>\n<link rel=\"canonical\" href=\"https:\/\/travelnewcity.com\/it\/prodotto-2\/tour-di-istanbul\/\" \/>\n<meta property=\"og:locale\" content=\"it_IT\" \/>\n<meta property=\"og:type\" content=\"article\" \/>\n<meta property=\"og:title\" content=\"\u0130stanbul Turu | Travel New City\" \/>\n<meta property=\"og:description\" content=\"&nbsp;  \u0130stanbul turu i\u00e7eri\u011fimiz:  -Havaliman\u0131 Kar\u015f\u0131lama  -Havaliman\u0131 Otel aras\u0131 vip transfer hizmeti  -Otel konaklamas\u0131(Sabah kahvaltas\u0131 dahildir.)  -09.00-17.00 aras\u0131 \u0130stanbul Turu  -Tur planlama\u00a0 saatleri d\u0131\u015f\u0131ndaki aktiviteler ekstra \u00fccrete tabiidir.\" \/>\n<meta property=\"og:url\" content=\"https:\/\/travelnewcity.com\/it\/prodotto-2\/tour-di-istanbul\/\" \/>\n<meta property=\"og:site_name\" content=\"Travel New City\" \/>\n<meta property=\"article:publisher\" content=\"https:\/\/www.facebook.com\/people\/New-Cty-Travel\/61568825113994\/\" \/>\n<meta property=\"article:modified_time\" content=\"2024-12-23T10:52:17+00:00\" \/>\n<meta property=\"og:image\" content=\"https:\/\/travelnewcity.com\/wp-content\/uploads\/2024\/11\/BURSA-TERMAL-OTEL-TURU.png\" \/>\n\t<meta property=\"og:image:width\" content=\"1080\" \/>\n\t<meta property=\"og:image:height\" content=\"1080\" \/>\n\t<meta property=\"og:image:type\" content=\"image\/png\" \/>\n<meta name=\"twitter:card\" content=\"summary_large_image\" \/>\n<meta name=\"twitter:label1\" content=\"Tempo di lettura stimato\" \/>\n\t<meta name=\"twitter:data1\" content=\"1 minuto\" \/>\n<script type=\"application\/ld+json\" class=\"yoast-schema-graph\">{\"@context\":\"https:\/\/schema.org\",\"@graph\":[{\"@type\":\"WebPage\",\"@id\":\"https:\/\/travelnewcity.com\/product\/istanbul-turu\/\",\"url\":\"https:\/\/travelnewcity.com\/product\/istanbul-turu\/\",\"name\":\"\u0130stanbul Turu | Travel New City\",\"isPartOf\":{\"@id\":\"https:\/\/travelnewcity.com\/#website\"},\"primaryImageOfPage\":{\"@id\":\"https:\/\/travelnewcity.com\/product\/istanbul-turu\/#primaryimage\"},\"image\":{\"@id\":\"https:\/\/travelnewcity.com\/product\/istanbul-turu\/#primaryimage\"},\"thumbnailUrl\":\"https:\/\/i0.wp.com\/travelnewcity.com\/wp-content\/uploads\/2024\/11\/BURSA-TERMAL-OTEL-TURU.png?fit=1080%2C1080&ssl=1\",\"datePublished\":\"2024-11-25T11:41:53+00:00\",\"dateModified\":\"2024-12-23T10:52:17+00:00\",\"breadcrumb\":{\"@id\":\"https:\/\/travelnewcity.com\/product\/istanbul-turu\/#breadcrumb\"},\"inLanguage\":\"it-IT\",\"potentialAction\":[{\"@type\":\"ReadAction\",\"target\":[\"https:\/\/travelnewcity.com\/product\/istanbul-turu\/\"]}]},{\"@type\":\"ImageObject\",\"inLanguage\":\"it-IT\",\"@id\":\"https:\/\/travelnewcity.com\/product\/istanbul-turu\/#primaryimage\",\"url\":\"https:\/\/i0.wp.com\/travelnewcity.com\/wp-content\/uploads\/2024\/11\/BURSA-TERMAL-OTEL-TURU.png?fit=1080%2C1080&ssl=1\",\"contentUrl\":\"https:\/\/i0.wp.com\/travelnewcity.com\/wp-content\/uploads\/2024\/11\/BURSA-TERMAL-OTEL-TURU.png?fit=1080%2C1080&ssl=1\",\"width\":1080,\"height\":1080},{\"@type\":\"BreadcrumbList\",\"@id\":\"https:\/\/travelnewcity.com\/product\/istanbul-turu\/#breadcrumb\",\"itemListElement\":[{\"@type\":\"ListItem\",\"position\":1,\"name\":\"Home\",\"item\":\"https:\/\/travelnewcity.com\/\"},{\"@type\":\"ListItem\",\"position\":2,\"name\":\"Turlar\",\"item\":\"https:\/\/travelnewcity.com\/turlar\/\"},{\"@type\":\"ListItem\",\"position\":3,\"name\":\"\u0130stanbul Turu\"}]},{\"@type\":\"WebSite\",\"@id\":\"https:\/\/travelnewcity.com\/#website\",\"url\":\"https:\/\/travelnewcity.com\/\",\"name\":\"Travel New City\",\"description\":\"Efsane T\u00fcrkiye B\u00fcy\u00fcl\u00fc Turlar\",\"publisher\":{\"@id\":\"https:\/\/travelnewcity.com\/#organization\"},\"potentialAction\":[{\"@type\":\"SearchAction\",\"target\":{\"@type\":\"EntryPoint\",\"urlTemplate\":\"https:\/\/travelnewcity.com\/?s={search_term_string}\"},\"query-input\":{\"@type\":\"PropertyValueSpecification\",\"valueRequired\":true,\"valueName\":\"search_term_string\"}}],\"inLanguage\":\"it-IT\"},{\"@type\":\"Organization\",\"@id\":\"https:\/\/travelnewcity.com\/#organization\",\"name\":\"Travel New City\",\"url\":\"https:\/\/travelnewcity.com\/\",\"logo\":{\"@type\":\"ImageObject\",\"inLanguage\":\"it-IT\",\"@id\":\"https:\/\/travelnewcity.com\/#\/schema\/logo\/image\/\",\"url\":\"https:\/\/travelnewcity.com\/wp-content\/uploads\/2024\/11\/kirmizi-beyaz.svg\",\"contentUrl\":\"https:\/\/travelnewcity.com\/wp-content\/uploads\/2024\/11\/kirmizi-beyaz.svg\",\"width\":350,\"height\":100,\"caption\":\"Travel New City\"},\"image\":{\"@id\":\"https:\/\/travelnewcity.com\/#\/schema\/logo\/image\/\"},\"sameAs\":[\"https:\/\/www.facebook.com\/people\/New-Cty-Travel\/61568825113994\/\",\"https:\/\/www.instagram.com\/newcity_travel\/\"]}]}<\/script>\n<!-- \/ Yoast SEO plugin. -->","yoast_head_json":{"title":"Tour di Istanbul | Viaggio Nuova Citt\u00e0","robots":{"index":"index","follow":"follow","max-snippet":"max-snippet:-1","max-image-preview":"max-image-preview:large","max-video-preview":"max-video-preview:-1"},"canonical":"https:\/\/travelnewcity.com\/it\/prodotto-2\/tour-di-istanbul\/","og_locale":"it_IT","og_type":"article","og_title":"\u0130stanbul Turu | Travel New City","og_description":"&nbsp;  \u0130stanbul turu i\u00e7eri\u011fimiz:  -Havaliman\u0131 Kar\u015f\u0131lama  -Havaliman\u0131 Otel aras\u0131 vip transfer hizmeti  -Otel konaklamas\u0131(Sabah kahvaltas\u0131 dahildir.)  -09.00-17.00 aras\u0131 \u0130stanbul Turu  -Tur planlama\u00a0 saatleri d\u0131\u015f\u0131ndaki aktiviteler ekstra \u00fccrete tabiidir.","og_url":"https:\/\/travelnewcity.com\/it\/prodotto-2\/tour-di-istanbul\/","og_site_name":"Travel New City","article_publisher":"https:\/\/www.facebook.com\/people\/New-Cty-Travel\/61568825113994\/","article_modified_time":"2024-12-23T10:52:17+00:00","og_image":[{"width":1080,"height":1080,"url":"https:\/\/travelnewcity.com\/wp-content\/uploads\/2024\/11\/BURSA-TERMAL-OTEL-TURU.png","type":"image\/png"}],"twitter_card":"summary_large_image","twitter_misc":{"Tempo di lettura stimato":"1 minuto"},"schema":{"@context":"https:\/\/schema.org","@graph":[{"@type":"WebPage","@id":"https:\/\/travelnewcity.com\/product\/istanbul-turu\/","url":"https:\/\/travelnewcity.com\/product\/istanbul-turu\/","name":"Tour di Istanbul | Viaggio Nuova Citt\u00e0","isPartOf":{"@id":"https:\/\/travelnewcity.com\/#website"},"primaryImageOfPage":{"@id":"https:\/\/travelnewcity.com\/product\/istanbul-turu\/#primaryimage"},"image":{"@id":"https:\/\/travelnewcity.com\/product\/istanbul-turu\/#primaryimage"},"thumbnailUrl":"https:\/\/i0.wp.com\/travelnewcity.com\/wp-content\/uploads\/2024\/11\/BURSA-TERMAL-OTEL-TURU.png?fit=1080%2C1080&ssl=1","datePublished":"2024-11-25T11:41:53+00:00","dateModified":"2024-12-23T10:52:17+00:00","breadcrumb":{"@id":"https:\/\/travelnewcity.com\/product\/istanbul-turu\/#breadcrumb"},"inLanguage":"it-IT","potentialAction":[{"@type":"ReadAction","target":["https:\/\/travelnewcity.com\/product\/istanbul-turu\/"]}]},{"@type":"ImageObject","inLanguage":"it-IT","@id":"https:\/\/travelnewcity.com\/product\/istanbul-turu\/#primaryimage","url":"https:\/\/i0.wp.com\/travelnewcity.com\/wp-content\/uploads\/2024\/11\/BURSA-TERMAL-OTEL-TURU.png?fit=1080%2C1080&ssl=1","contentUrl":"https:\/\/i0.wp.com\/travelnewcity.com\/wp-content\/uploads\/2024\/11\/BURSA-TERMAL-OTEL-TURU.png?fit=1080%2C1080&ssl=1","width":1080,"height":1080},{"@type":"BreadcrumbList","@id":"https:\/\/travelnewcity.com\/product\/istanbul-turu\/#breadcrumb","itemListElement":[{"@type":"ListItem","position":1,"name":"Home","item":"https:\/\/travelnewcity.com\/"},{"@type":"ListItem","position":2,"name":"Turlar","item":"https:\/\/travelnewcity.com\/turlar\/"},{"@type":"ListItem","position":3,"name":"\u0130stanbul Turu"}]},{"@type":"WebSite","@id":"https:\/\/travelnewcity.com\/#website","url":"https:\/\/travelnewcity.com\/","name":"Viaggio nella nuova citt\u00e0","description":"Tour magici della Turchia leggendaria","publisher":{"@id":"https:\/\/travelnewcity.com\/#organization"},"potentialAction":[{"@type":"SearchAction","target":{"@type":"EntryPoint","urlTemplate":"https:\/\/travelnewcity.com\/?s={search_term_string}"},"query-input":{"@type":"PropertyValueSpecification","valueRequired":true,"valueName":"search_term_string"}}],"inLanguage":"it-IT"},{"@type":"Organization","@id":"https:\/\/travelnewcity.com\/#organization","name":"Viaggio nella nuova citt\u00e0","url":"https:\/\/travelnewcity.com\/","logo":{"@type":"ImageObject","inLanguage":"it-IT","@id":"https:\/\/travelnewcity.com\/#\/schema\/logo\/image\/","url":"https:\/\/travelnewcity.com\/wp-content\/uploads\/2024\/11\/kirmizi-beyaz.svg","contentUrl":"https:\/\/travelnewcity.com\/wp-content\/uploads\/2024\/11\/kirmizi-beyaz.svg","width":350,"height":100,"caption":"Travel New City"},"image":{"@id":"https:\/\/travelnewcity.com\/#\/schema\/logo\/image\/"},"sameAs":["https:\/\/www.facebook.com\/people\/New-Cty-Travel\/61568825113994\/","https:\/\/www.instagram.com\/newcity_travel\/"]}]}},"jetpack_sharing_enabled":true,"_links":{"self":[{"href":"https:\/\/travelnewcity.com\/it\/wp-json\/wp\/v2\/product\/3706","targetHints":{"allow":["GET"]}}],"collection":[{"href":"https:\/\/travelnewcity.com\/it\/wp-json\/wp\/v2\/product"}],"about":[{"href":"https:\/\/travelnewcity.com\/it\/wp-json\/wp\/v2\/types\/product"}],"replies":[{"embeddable":true,"href":"https:\/\/travelnewcity.com\/it\/wp-json\/wp\/v2\/comments?post=3706"}],"wp:featuredmedia":[{"embeddable":true,"href":"https:\/\/travelnewcity.com\/it\/wp-json\/wp\/v2\/media\/5759"}],"wp:attachment":[{"href":"https:\/\/travelnewcity.com\/it\/wp-json\/wp\/v2\/media?parent=3706"}],"wp:term":[{"taxonomy":"product_brand","embeddable":true,"href":"https:\/\/travelnewcity.com\/it\/wp-json\/wp\/v2\/product_brand?post=3706"},{"taxonomy":"product_cat","embeddable":true,"href":"https:\/\/travelnewcity.com\/it\/wp-json\/wp\/v2\/product_cat?post=3706"},{"taxonomy":"product_tag","embeddable":true,"href":"https:\/\/travelnewcity.com\/it\/wp-json\/wp\/v2\/product_tag?post=3706"}],"curies":[{"name":"wp","href":"https:\/\/api.w.org\/{rel}","templated":true}]}}