{"id":3764,"date":"2024-11-25T12:33:58","date_gmt":"2024-11-25T12:33:58","guid":{"rendered":"https:\/\/travelnewcity.com\/?post_type=product&#038;p=3764"},"modified":"2025-01-06T15:27:23","modified_gmt":"2025-01-06T12:27:23","slug":"bursa-turu","status":"publish","type":"product","link":"https:\/\/travelnewcity.com\/it\/prodotto-2\/bursa-turu\/","title":{"rendered":"Tour di Bursa"},"content":{"rendered":"<div class=\"flex max-w-full flex-col flex-grow\">\n<div class=\"min-h-8 text-message flex w-full flex-col items-end gap-2 whitespace-normal break-words text-start [.text-message+&amp;]:mt-5\" dir=\"auto\" data-message-author-role=\"assistant\" data-message-id=\"c9caa7c4-10d1-4a66-ac03-507e7d1e4fa7\" data-message-model-slug=\"gpt-4o\">\n<div class=\"flex w-full flex-col gap-1 empty:hidden first:pt-[3px]\">\n<div class=\"markdown prose w-full break-words dark:prose-invert dark\">\n<p><strong>E\u015fsiz 1 G\u00fcnl\u00fck Bursa Turu<\/strong><\/p>\n<p>Osmanl\u0131 \u0130mparatorlu\u011fu\u2019nun ilk ba\u015fkenti olan Bursa\u2019da tarih, do\u011fa ve lezzet dolu bir yolculu\u011fa \u00e7\u0131kmaya ne dersiniz? Bu \u00f6zel tur, sizi zengin tarihi miras\u0131n, yemye\u015fil do\u011fan\u0131n ve lezzetli mutfa\u011f\u0131n bulu\u015ftu\u011fu \u015fehirde unutulmaz bir g\u00fcn ya\u015famaya davet ediyor.<\/p>\n<p><strong>Contenuto del tour:<\/strong><br \/>\n\ud83d\udd4c <strong>Ulu Camii ve Tarihi Eserler:<\/strong> Osmanl\u0131 mimarisinin e\u015fsiz \u00f6rneklerini yak\u0131ndan ke\u015ffedin.<br \/>\n\ud83c\udf33 <strong>Ye\u015fil T\u00fcrbe ve \u00c7evresi:<\/strong> Tarihin do\u011fayla bulu\u015ftu\u011fu huzur dolu bir atmosfer.<br \/>\n\u26f0\ufe0f <strong>Uluda\u011f ve Teleferik Keyfi:<\/strong> Do\u011fa ile i\u00e7 i\u00e7e bir deneyim ve b\u00fcy\u00fcleyici manzaralar.<br \/>\n\ud83d\udecd\ufe0f <strong>Kapal\u0131\u00e7ar\u015f\u0131 ve Koza Han:<\/strong> Geleneksel dokuma ve hediyelik al\u0131\u015fveri\u015fi i\u00e7in ideal noktalar.<\/p>\n<p><strong>Perch\u00e9 scegliere questo tour?<\/strong><br \/>\n\u2705 Osmanl\u0131\u2019n\u0131n izinde tarihi ve k\u00fclt\u00fcrel bir yolculuk<br \/>\n\u2705 Do\u011fayla ba\u015f ba\u015fa kalabilece\u011finiz e\u015fsiz mekanlar<br \/>\n\u2705 Profesyonel rehber e\u015fli\u011finde konforlu bir tur deneyimi<\/p>\n<p><strong>Informazioni sul tour:<\/strong><\/p>\n<ul>\n<li><strong>Durata:<\/strong> 1 giorno<\/li>\n<li><strong>Punto di partenza e di arrivo:<\/strong> Possibilit\u00e0 di prelievo dall'hotel<\/li>\n<li><strong>Prezzo:<\/strong> Organizzato su base giornaliera.<\/li>\n<\/ul>\n<p>Bursa\u2019n\u0131n tarihine ve do\u011fal g\u00fczelliklerine yak\u0131ndan tan\u0131k olmak i\u00e7in hemen rezervasyon yap\u0131n ve bu benzersiz deneyimi ka\u00e7\u0131rmay\u0131n!<\/p>\n<\/div>\n<\/div>\n<\/div>\n<\/div>","protected":false},"excerpt":{"rendered":"<p>Bursa turu i\u00e7eri\u011fimiz:<\/p>\n<p>-Reception dell'aeroporto<\/p>\n<p>-Servizio di trasferimento VIP tra l'aeroporto e l'hotel<\/p>\n<p>-Sistemazione in albergo (la colazione \u00e8 inclusa).<\/p>\n<p>-09.00-17.00 aras\u0131 Bursa Turu<\/p>\n<p>-Le attivit\u00e0 al di fuori degli orari previsti dal tour sono soggette a un supplemento.<\/p>","protected":false},"featured_media":5764,"comment_status":"open","ping_status":"closed","template":"","meta":[],"product_brand":[],"product_cat":[73],"product_tag":[],"class_list":{"0":"post-3764","1":"product","2":"type-product","3":"status-publish","4":"has-post-thumbnail","6":"product_cat-turlar","8":"first","9":"instock","10":"shipping-taxable","11":"purchasable","12":"product-type-variable"},"yoast_head":"<!-- This site is optimized with the Yoast SEO plugin v26.3 - https:\/\/yoast.com\/wordpress\/plugins\/seo\/ -->\n<title>Bursa Turu | Travel New City<\/title>\n<meta name=\"description\" content=\"Osmanl\u0131 \u0130mparatorlu\u011fu\u2019nun ilk ba\u015fkenti olan Bursa\u2019da tarih, do\u011fa ve lezzet dolu bir yolculu\u011fa \u00e7\u0131kmaya ne dersiniz?Bursa\u2019n\u0131n tarihine ve do\u011fal g\u00fczellikleri..\" \/>\n<meta name=\"robots\" content=\"index, follow, max-snippet:-1, max-image-preview:large, max-video-preview:-1\" \/>\n<link rel=\"canonical\" href=\"https:\/\/travelnewcity.com\/it\/prodotto-2\/bursa-turu\/\" \/>\n<meta property=\"og:locale\" content=\"it_IT\" \/>\n<meta property=\"og:type\" content=\"article\" \/>\n<meta property=\"og:title\" content=\"Bursa Turu | Travel New City\" \/>\n<meta property=\"og:description\" content=\"Osmanl\u0131 \u0130mparatorlu\u011fu\u2019nun ilk ba\u015fkenti olan Bursa\u2019da tarih, do\u011fa ve lezzet dolu bir yolculu\u011fa \u00e7\u0131kmaya ne dersiniz?Bursa\u2019n\u0131n tarihine ve do\u011fal g\u00fczellikleri..\" \/>\n<meta property=\"og:url\" content=\"https:\/\/travelnewcity.com\/it\/prodotto-2\/bursa-turu\/\" \/>\n<meta property=\"og:site_name\" content=\"Travel New City\" \/>\n<meta property=\"article:publisher\" content=\"https:\/\/www.facebook.com\/people\/New-Cty-Travel\/61568825113994\/\" \/>\n<meta property=\"article:modified_time\" content=\"2025-01-06T12:27:23+00:00\" \/>\n<meta property=\"og:image\" content=\"https:\/\/travelnewcity.com\/wp-content\/uploads\/2024\/11\/BURSA-TERMAL-OTEL-TURU-3-1-1024x1024.png\" \/>\n\t<meta property=\"og:image:width\" content=\"1024\" \/>\n\t<meta property=\"og:image:height\" content=\"1024\" \/>\n\t<meta property=\"og:image:type\" content=\"image\/png\" \/>\n<meta name=\"twitter:card\" content=\"summary_large_image\" \/>\n<meta name=\"twitter:label1\" content=\"Tempo di lettura stimato\" \/>\n\t<meta name=\"twitter:data1\" content=\"2 minuti\" \/>\n<script type=\"application\/ld+json\" class=\"yoast-schema-graph\">{\"@context\":\"https:\/\/schema.org\",\"@graph\":[{\"@type\":\"WebPage\",\"@id\":\"https:\/\/travelnewcity.com\/product\/bursa-turu\/\",\"url\":\"https:\/\/travelnewcity.com\/product\/bursa-turu\/\",\"name\":\"Bursa Turu | Travel New City\",\"isPartOf\":{\"@id\":\"https:\/\/travelnewcity.com\/#website\"},\"primaryImageOfPage\":{\"@id\":\"https:\/\/travelnewcity.com\/product\/bursa-turu\/#primaryimage\"},\"image\":{\"@id\":\"https:\/\/travelnewcity.com\/product\/bursa-turu\/#primaryimage\"},\"thumbnailUrl\":\"https:\/\/i0.wp.com\/travelnewcity.com\/wp-content\/uploads\/2024\/11\/BURSA-TERMAL-OTEL-TURU-3-1.png?fit=1080%2C1080&ssl=1\",\"datePublished\":\"2024-11-25T12:33:58+00:00\",\"dateModified\":\"2025-01-06T12:27:23+00:00\",\"description\":\"Osmanl\u0131 \u0130mparatorlu\u011fu\u2019nun ilk ba\u015fkenti olan Bursa\u2019da tarih, do\u011fa ve lezzet dolu bir yolculu\u011fa \u00e7\u0131kmaya ne dersiniz?Bursa\u2019n\u0131n tarihine ve do\u011fal g\u00fczellikleri..\",\"breadcrumb\":{\"@id\":\"https:\/\/travelnewcity.com\/product\/bursa-turu\/#breadcrumb\"},\"inLanguage\":\"it-IT\",\"potentialAction\":[{\"@type\":\"ReadAction\",\"target\":[\"https:\/\/travelnewcity.com\/product\/bursa-turu\/\"]}]},{\"@type\":\"ImageObject\",\"inLanguage\":\"it-IT\",\"@id\":\"https:\/\/travelnewcity.com\/product\/bursa-turu\/#primaryimage\",\"url\":\"https:\/\/i0.wp.com\/travelnewcity.com\/wp-content\/uploads\/2024\/11\/BURSA-TERMAL-OTEL-TURU-3-1.png?fit=1080%2C1080&ssl=1\",\"contentUrl\":\"https:\/\/i0.wp.com\/travelnewcity.com\/wp-content\/uploads\/2024\/11\/BURSA-TERMAL-OTEL-TURU-3-1.png?fit=1080%2C1080&ssl=1\",\"width\":1080,\"height\":1080},{\"@type\":\"BreadcrumbList\",\"@id\":\"https:\/\/travelnewcity.com\/product\/bursa-turu\/#breadcrumb\",\"itemListElement\":[{\"@type\":\"ListItem\",\"position\":1,\"name\":\"Home\",\"item\":\"https:\/\/travelnewcity.com\/\"},{\"@type\":\"ListItem\",\"position\":2,\"name\":\"Turlar\",\"item\":\"https:\/\/travelnewcity.com\/turlar\/\"},{\"@type\":\"ListItem\",\"position\":3,\"name\":\"Bursa Turu\"}]},{\"@type\":\"WebSite\",\"@id\":\"https:\/\/travelnewcity.com\/#website\",\"url\":\"https:\/\/travelnewcity.com\/\",\"name\":\"Travel New City\",\"description\":\"Efsane T\u00fcrkiye B\u00fcy\u00fcl\u00fc Turlar\",\"publisher\":{\"@id\":\"https:\/\/travelnewcity.com\/#organization\"},\"potentialAction\":[{\"@type\":\"SearchAction\",\"target\":{\"@type\":\"EntryPoint\",\"urlTemplate\":\"https:\/\/travelnewcity.com\/?s={search_term_string}\"},\"query-input\":{\"@type\":\"PropertyValueSpecification\",\"valueRequired\":true,\"valueName\":\"search_term_string\"}}],\"inLanguage\":\"it-IT\"},{\"@type\":\"Organization\",\"@id\":\"https:\/\/travelnewcity.com\/#organization\",\"name\":\"Travel New City\",\"url\":\"https:\/\/travelnewcity.com\/\",\"logo\":{\"@type\":\"ImageObject\",\"inLanguage\":\"it-IT\",\"@id\":\"https:\/\/travelnewcity.com\/#\/schema\/logo\/image\/\",\"url\":\"https:\/\/travelnewcity.com\/wp-content\/uploads\/2024\/11\/kirmizi-beyaz.svg\",\"contentUrl\":\"https:\/\/travelnewcity.com\/wp-content\/uploads\/2024\/11\/kirmizi-beyaz.svg\",\"width\":350,\"height\":100,\"caption\":\"Travel New City\"},\"image\":{\"@id\":\"https:\/\/travelnewcity.com\/#\/schema\/logo\/image\/\"},\"sameAs\":[\"https:\/\/www.facebook.com\/people\/New-Cty-Travel\/61568825113994\/\",\"https:\/\/www.instagram.com\/newcity_travel\/\"]}]}<\/script>\n<!-- \/ Yoast SEO plugin. -->","yoast_head_json":{"title":"Bursa Turu | Travel New City","description":"Osmanl\u0131 \u0130mparatorlu\u011fu\u2019nun ilk ba\u015fkenti olan Bursa\u2019da tarih, do\u011fa ve lezzet dolu bir yolculu\u011fa \u00e7\u0131kmaya ne dersiniz?Bursa\u2019n\u0131n tarihine ve do\u011fal g\u00fczellikleri..","robots":{"index":"index","follow":"follow","max-snippet":"max-snippet:-1","max-image-preview":"max-image-preview:large","max-video-preview":"max-video-preview:-1"},"canonical":"https:\/\/travelnewcity.com\/it\/prodotto-2\/bursa-turu\/","og_locale":"it_IT","og_type":"article","og_title":"Bursa Turu | Travel New City","og_description":"Osmanl\u0131 \u0130mparatorlu\u011fu\u2019nun ilk ba\u015fkenti olan Bursa\u2019da tarih, do\u011fa ve lezzet dolu bir yolculu\u011fa \u00e7\u0131kmaya ne dersiniz?Bursa\u2019n\u0131n tarihine ve do\u011fal g\u00fczellikleri..","og_url":"https:\/\/travelnewcity.com\/it\/prodotto-2\/bursa-turu\/","og_site_name":"Travel New City","article_publisher":"https:\/\/www.facebook.com\/people\/New-Cty-Travel\/61568825113994\/","article_modified_time":"2025-01-06T12:27:23+00:00","og_image":[{"width":1024,"height":1024,"url":"https:\/\/travelnewcity.com\/wp-content\/uploads\/2024\/11\/BURSA-TERMAL-OTEL-TURU-3-1-1024x1024.png","type":"image\/png"}],"twitter_card":"summary_large_image","twitter_misc":{"Tempo di lettura stimato":"2 minuti"},"schema":{"@context":"https:\/\/schema.org","@graph":[{"@type":"WebPage","@id":"https:\/\/travelnewcity.com\/product\/bursa-turu\/","url":"https:\/\/travelnewcity.com\/product\/bursa-turu\/","name":"Bursa Turu | Travel New City","isPartOf":{"@id":"https:\/\/travelnewcity.com\/#website"},"primaryImageOfPage":{"@id":"https:\/\/travelnewcity.com\/product\/bursa-turu\/#primaryimage"},"image":{"@id":"https:\/\/travelnewcity.com\/product\/bursa-turu\/#primaryimage"},"thumbnailUrl":"https:\/\/i0.wp.com\/travelnewcity.com\/wp-content\/uploads\/2024\/11\/BURSA-TERMAL-OTEL-TURU-3-1.png?fit=1080%2C1080&ssl=1","datePublished":"2024-11-25T12:33:58+00:00","dateModified":"2025-01-06T12:27:23+00:00","description":"Osmanl\u0131 \u0130mparatorlu\u011fu\u2019nun ilk ba\u015fkenti olan Bursa\u2019da tarih, do\u011fa ve lezzet dolu bir yolculu\u011fa \u00e7\u0131kmaya ne dersiniz?Bursa\u2019n\u0131n tarihine ve do\u011fal g\u00fczellikleri..","breadcrumb":{"@id":"https:\/\/travelnewcity.com\/product\/bursa-turu\/#breadcrumb"},"inLanguage":"it-IT","potentialAction":[{"@type":"ReadAction","target":["https:\/\/travelnewcity.com\/product\/bursa-turu\/"]}]},{"@type":"ImageObject","inLanguage":"it-IT","@id":"https:\/\/travelnewcity.com\/product\/bursa-turu\/#primaryimage","url":"https:\/\/i0.wp.com\/travelnewcity.com\/wp-content\/uploads\/2024\/11\/BURSA-TERMAL-OTEL-TURU-3-1.png?fit=1080%2C1080&ssl=1","contentUrl":"https:\/\/i0.wp.com\/travelnewcity.com\/wp-content\/uploads\/2024\/11\/BURSA-TERMAL-OTEL-TURU-3-1.png?fit=1080%2C1080&ssl=1","width":1080,"height":1080},{"@type":"BreadcrumbList","@id":"https:\/\/travelnewcity.com\/product\/bursa-turu\/#breadcrumb","itemListElement":[{"@type":"ListItem","position":1,"name":"Home","item":"https:\/\/travelnewcity.com\/"},{"@type":"ListItem","position":2,"name":"Turlar","item":"https:\/\/travelnewcity.com\/turlar\/"},{"@type":"ListItem","position":3,"name":"Bursa Turu"}]},{"@type":"WebSite","@id":"https:\/\/travelnewcity.com\/#website","url":"https:\/\/travelnewcity.com\/","name":"Viaggio nella nuova citt\u00e0","description":"Tour magici della Turchia leggendaria","publisher":{"@id":"https:\/\/travelnewcity.com\/#organization"},"potentialAction":[{"@type":"SearchAction","target":{"@type":"EntryPoint","urlTemplate":"https:\/\/travelnewcity.com\/?s={search_term_string}"},"query-input":{"@type":"PropertyValueSpecification","valueRequired":true,"valueName":"search_term_string"}}],"inLanguage":"it-IT"},{"@type":"Organization","@id":"https:\/\/travelnewcity.com\/#organization","name":"Viaggio nella nuova citt\u00e0","url":"https:\/\/travelnewcity.com\/","logo":{"@type":"ImageObject","inLanguage":"it-IT","@id":"https:\/\/travelnewcity.com\/#\/schema\/logo\/image\/","url":"https:\/\/travelnewcity.com\/wp-content\/uploads\/2024\/11\/kirmizi-beyaz.svg","contentUrl":"https:\/\/travelnewcity.com\/wp-content\/uploads\/2024\/11\/kirmizi-beyaz.svg","width":350,"height":100,"caption":"Travel New City"},"image":{"@id":"https:\/\/travelnewcity.com\/#\/schema\/logo\/image\/"},"sameAs":["https:\/\/www.facebook.com\/people\/New-Cty-Travel\/61568825113994\/","https:\/\/www.instagram.com\/newcity_travel\/"]}]}},"jetpack_sharing_enabled":true,"_links":{"self":[{"href":"https:\/\/travelnewcity.com\/it\/wp-json\/wp\/v2\/product\/3764","targetHints":{"allow":["GET"]}}],"collection":[{"href":"https:\/\/travelnewcity.com\/it\/wp-json\/wp\/v2\/product"}],"about":[{"href":"https:\/\/travelnewcity.com\/it\/wp-json\/wp\/v2\/types\/product"}],"replies":[{"embeddable":true,"href":"https:\/\/travelnewcity.com\/it\/wp-json\/wp\/v2\/comments?post=3764"}],"wp:featuredmedia":[{"embeddable":true,"href":"https:\/\/travelnewcity.com\/it\/wp-json\/wp\/v2\/media\/5764"}],"wp:attachment":[{"href":"https:\/\/travelnewcity.com\/it\/wp-json\/wp\/v2\/media?parent=3764"}],"wp:term":[{"taxonomy":"product_brand","embeddable":true,"href":"https:\/\/travelnewcity.com\/it\/wp-json\/wp\/v2\/product_brand?post=3764"},{"taxonomy":"product_cat","embeddable":true,"href":"https:\/\/travelnewcity.com\/it\/wp-json\/wp\/v2\/product_cat?post=3764"},{"taxonomy":"product_tag","embeddable":true,"href":"https:\/\/travelnewcity.com\/it\/wp-json\/wp\/v2\/product_tag?post=3764"}],"curies":[{"name":"wp","href":"https:\/\/api.w.org\/{rel}","templated":true}]}}