{"id":3706,"date":"2024-11-25T11:41:53","date_gmt":"2024-11-25T11:41:53","guid":{"rendered":"https:\/\/travelnewcity.com\/?post_type=product&#038;p=3706"},"modified":"2024-12-23T13:52:17","modified_gmt":"2024-12-23T10:52:17","slug":"istanbul-turu","status":"publish","type":"product","link":"https:\/\/travelnewcity.com\/pt\/produto-2\/istanbul-turu\/","title":{"rendered":"Visita a Istambul"},"content":{"rendered":"<p><strong>Muhte\u015fem \u0130stanbul Turu<\/strong><\/p>\n<p>\u0130stanbul\u2019un b\u00fcy\u00fcleyici tarihi ve e\u015fsiz manzaralar\u0131n\u0131 ke\u015ffetmek i\u00e7in harika bir f\u0131rsat! Bu \u00f6zel tur, \u015fehrin en ikonik noktalar\u0131n\u0131 g\u00f6rmenizi, tarihine tan\u0131kl\u0131k etmenizi ve unutulmaz bir g\u00fcn ge\u00e7irmenizi sa\u011flayacak.<\/p>\n<p><strong>Conte\u00fado da digress\u00e3o:<\/strong><br \/>\n\ud83d\udd4c <strong>Sultanahmet Meydan\u0131 ve Tarihi Eserler:<\/strong> Ayasofya, Sultanahmet Camii ve Topkap\u0131 Saray\u0131\u2019n\u0131n ihti\u015fam\u0131n\u0131 ke\u015ffedin.<br \/>\n\ud83c\udfdb\ufe0f <strong>Kapal\u0131\u00e7ar\u015f\u0131 ve M\u0131s\u0131r \u00c7ar\u015f\u0131s\u0131:<\/strong> Al\u0131\u015fveri\u015fin ve geleneksel el sanatlar\u0131n\u0131n kalbinde kendinizi kaybedin.<br \/>\n\ud83d\udeb6 <strong>Rehberlik Hizmeti:<\/strong> Profesyonel rehber e\u015fli\u011finde \u0130stanbul\u2019un tarihini ve hikayelerini dinleyin.<\/p>\n<p><strong>Porqu\u00ea escolher este passeio?<\/strong><br \/>\n\u2705 \u015eehirdeki en \u00f6nemli noktalar\u0131 bir g\u00fcnde g\u00f6rme \u015fans\u0131<br \/>\n\u2705 Konforlu ula\u015f\u0131m ve deneyimli rehberler<br \/>\n\u2705 Unutulmaz foto\u011fraf kareleriyle dolu bir g\u00fcn<\/p>\n<p><strong>Informa\u00e7\u00f5es sobre a visita:<\/strong><\/p>\n<ul>\n<li><strong>Dura\u00e7\u00e3o:<\/strong> 1 dia<\/li>\n<li><strong>Ponto inicial e final:<\/strong> Possibilidade de recolha no seu hotel<\/li>\n<li><strong>Pre\u00e7o:<\/strong> Organizado no quotidiano.<\/li>\n<\/ul>\n<p>Bu turla \u0130stanbul\u2019un kalbinde unutulmaz bir yolculu\u011fa \u00e7\u0131k\u0131n. Rezervasyonunuzu hemen yap\u0131n ve e\u015fsiz bir deneyim ya\u015fay\u0131n!<\/p>","protected":false},"excerpt":{"rendered":"<p>&nbsp;<\/p>\n<p>\u0130stanbul turu i\u00e7eri\u011fimiz:<\/p>\n<p>-Rece\u00e7\u00e3o no aeroporto<\/p>\n<p>-Servi\u00e7o de transfer VIP entre o aeroporto e o hotel<\/p>\n<p>-Alojamento em hotel (o pequeno-almo\u00e7o est\u00e1 inclu\u00eddo).<\/p>\n<p>-09.00-17.00 Visita a Istambul<\/p>\n<p>-Actividades fora das horas de planeamento da visita est\u00e3o sujeitas a um custo adicional.<\/p>","protected":false},"featured_media":5759,"comment_status":"open","ping_status":"closed","template":"","meta":[],"product_brand":[],"product_cat":[73],"product_tag":[],"class_list":{"0":"post-3706","1":"product","2":"type-product","3":"status-publish","4":"has-post-thumbnail","6":"product_cat-turlar","8":"first","9":"instock","10":"featured","11":"shipping-taxable","12":"purchasable","13":"product-type-variable"},"yoast_head":"<!-- This site is optimized with the Yoast SEO plugin v26.3 - https:\/\/yoast.com\/wordpress\/plugins\/seo\/ -->\n<title>\u0130stanbul Turu | Travel New City<\/title>\n<meta name=\"robots\" content=\"index, follow, max-snippet:-1, max-image-preview:large, max-video-preview:-1\" \/>\n<link rel=\"canonical\" href=\"https:\/\/travelnewcity.com\/pt\/produto-2\/istanbul-turu\/\" \/>\n<meta property=\"og:locale\" content=\"pt_PT\" \/>\n<meta property=\"og:type\" content=\"article\" \/>\n<meta property=\"og:title\" content=\"\u0130stanbul Turu | Travel New City\" \/>\n<meta property=\"og:description\" content=\"&nbsp;  \u0130stanbul turu i\u00e7eri\u011fimiz:  -Havaliman\u0131 Kar\u015f\u0131lama  -Havaliman\u0131 Otel aras\u0131 vip transfer hizmeti  -Otel konaklamas\u0131(Sabah kahvaltas\u0131 dahildir.)  -09.00-17.00 aras\u0131 \u0130stanbul Turu  -Tur planlama\u00a0 saatleri d\u0131\u015f\u0131ndaki aktiviteler ekstra \u00fccrete tabiidir.\" \/>\n<meta property=\"og:url\" content=\"https:\/\/travelnewcity.com\/pt\/produto-2\/istanbul-turu\/\" \/>\n<meta property=\"og:site_name\" content=\"Travel New City\" \/>\n<meta property=\"article:publisher\" content=\"https:\/\/www.facebook.com\/people\/New-Cty-Travel\/61568825113994\/\" \/>\n<meta property=\"article:modified_time\" content=\"2024-12-23T10:52:17+00:00\" \/>\n<meta property=\"og:image\" content=\"https:\/\/travelnewcity.com\/wp-content\/uploads\/2024\/11\/BURSA-TERMAL-OTEL-TURU.png\" \/>\n\t<meta property=\"og:image:width\" content=\"1080\" \/>\n\t<meta property=\"og:image:height\" content=\"1080\" \/>\n\t<meta property=\"og:image:type\" content=\"image\/png\" \/>\n<meta name=\"twitter:card\" content=\"summary_large_image\" \/>\n<meta name=\"twitter:label1\" content=\"Tempo estimado de leitura\" \/>\n\t<meta name=\"twitter:data1\" content=\"1 minuto\" \/>\n<script type=\"application\/ld+json\" class=\"yoast-schema-graph\">{\"@context\":\"https:\/\/schema.org\",\"@graph\":[{\"@type\":\"WebPage\",\"@id\":\"https:\/\/travelnewcity.com\/product\/istanbul-turu\/\",\"url\":\"https:\/\/travelnewcity.com\/product\/istanbul-turu\/\",\"name\":\"\u0130stanbul Turu | Travel New City\",\"isPartOf\":{\"@id\":\"https:\/\/travelnewcity.com\/#website\"},\"primaryImageOfPage\":{\"@id\":\"https:\/\/travelnewcity.com\/product\/istanbul-turu\/#primaryimage\"},\"image\":{\"@id\":\"https:\/\/travelnewcity.com\/product\/istanbul-turu\/#primaryimage\"},\"thumbnailUrl\":\"https:\/\/i0.wp.com\/travelnewcity.com\/wp-content\/uploads\/2024\/11\/BURSA-TERMAL-OTEL-TURU.png?fit=1080%2C1080&ssl=1\",\"datePublished\":\"2024-11-25T11:41:53+00:00\",\"dateModified\":\"2024-12-23T10:52:17+00:00\",\"breadcrumb\":{\"@id\":\"https:\/\/travelnewcity.com\/product\/istanbul-turu\/#breadcrumb\"},\"inLanguage\":\"pt-PT\",\"potentialAction\":[{\"@type\":\"ReadAction\",\"target\":[\"https:\/\/travelnewcity.com\/product\/istanbul-turu\/\"]}]},{\"@type\":\"ImageObject\",\"inLanguage\":\"pt-PT\",\"@id\":\"https:\/\/travelnewcity.com\/product\/istanbul-turu\/#primaryimage\",\"url\":\"https:\/\/i0.wp.com\/travelnewcity.com\/wp-content\/uploads\/2024\/11\/BURSA-TERMAL-OTEL-TURU.png?fit=1080%2C1080&ssl=1\",\"contentUrl\":\"https:\/\/i0.wp.com\/travelnewcity.com\/wp-content\/uploads\/2024\/11\/BURSA-TERMAL-OTEL-TURU.png?fit=1080%2C1080&ssl=1\",\"width\":1080,\"height\":1080},{\"@type\":\"BreadcrumbList\",\"@id\":\"https:\/\/travelnewcity.com\/product\/istanbul-turu\/#breadcrumb\",\"itemListElement\":[{\"@type\":\"ListItem\",\"position\":1,\"name\":\"Home\",\"item\":\"https:\/\/travelnewcity.com\/\"},{\"@type\":\"ListItem\",\"position\":2,\"name\":\"Turlar\",\"item\":\"https:\/\/travelnewcity.com\/turlar\/\"},{\"@type\":\"ListItem\",\"position\":3,\"name\":\"\u0130stanbul Turu\"}]},{\"@type\":\"WebSite\",\"@id\":\"https:\/\/travelnewcity.com\/#website\",\"url\":\"https:\/\/travelnewcity.com\/\",\"name\":\"Travel New City\",\"description\":\"Efsane T\u00fcrkiye B\u00fcy\u00fcl\u00fc Turlar\",\"publisher\":{\"@id\":\"https:\/\/travelnewcity.com\/#organization\"},\"potentialAction\":[{\"@type\":\"SearchAction\",\"target\":{\"@type\":\"EntryPoint\",\"urlTemplate\":\"https:\/\/travelnewcity.com\/?s={search_term_string}\"},\"query-input\":{\"@type\":\"PropertyValueSpecification\",\"valueRequired\":true,\"valueName\":\"search_term_string\"}}],\"inLanguage\":\"pt-PT\"},{\"@type\":\"Organization\",\"@id\":\"https:\/\/travelnewcity.com\/#organization\",\"name\":\"Travel New City\",\"url\":\"https:\/\/travelnewcity.com\/\",\"logo\":{\"@type\":\"ImageObject\",\"inLanguage\":\"pt-PT\",\"@id\":\"https:\/\/travelnewcity.com\/#\/schema\/logo\/image\/\",\"url\":\"https:\/\/travelnewcity.com\/wp-content\/uploads\/2024\/11\/kirmizi-beyaz.svg\",\"contentUrl\":\"https:\/\/travelnewcity.com\/wp-content\/uploads\/2024\/11\/kirmizi-beyaz.svg\",\"width\":350,\"height\":100,\"caption\":\"Travel New City\"},\"image\":{\"@id\":\"https:\/\/travelnewcity.com\/#\/schema\/logo\/image\/\"},\"sameAs\":[\"https:\/\/www.facebook.com\/people\/New-Cty-Travel\/61568825113994\/\",\"https:\/\/www.instagram.com\/newcity_travel\/\"]}]}<\/script>\n<!-- \/ Yoast SEO plugin. -->","yoast_head_json":{"title":"\u0130stanbul Turu | Travel New City","robots":{"index":"index","follow":"follow","max-snippet":"max-snippet:-1","max-image-preview":"max-image-preview:large","max-video-preview":"max-video-preview:-1"},"canonical":"https:\/\/travelnewcity.com\/pt\/produto-2\/istanbul-turu\/","og_locale":"pt_PT","og_type":"article","og_title":"\u0130stanbul Turu | Travel New City","og_description":"&nbsp;  \u0130stanbul turu i\u00e7eri\u011fimiz:  -Havaliman\u0131 Kar\u015f\u0131lama  -Havaliman\u0131 Otel aras\u0131 vip transfer hizmeti  -Otel konaklamas\u0131(Sabah kahvaltas\u0131 dahildir.)  -09.00-17.00 aras\u0131 \u0130stanbul Turu  -Tur planlama\u00a0 saatleri d\u0131\u015f\u0131ndaki aktiviteler ekstra \u00fccrete tabiidir.","og_url":"https:\/\/travelnewcity.com\/pt\/produto-2\/istanbul-turu\/","og_site_name":"Travel New City","article_publisher":"https:\/\/www.facebook.com\/people\/New-Cty-Travel\/61568825113994\/","article_modified_time":"2024-12-23T10:52:17+00:00","og_image":[{"width":1080,"height":1080,"url":"https:\/\/travelnewcity.com\/wp-content\/uploads\/2024\/11\/BURSA-TERMAL-OTEL-TURU.png","type":"image\/png"}],"twitter_card":"summary_large_image","twitter_misc":{"Tempo estimado de leitura":"1 minuto"},"schema":{"@context":"https:\/\/schema.org","@graph":[{"@type":"WebPage","@id":"https:\/\/travelnewcity.com\/product\/istanbul-turu\/","url":"https:\/\/travelnewcity.com\/product\/istanbul-turu\/","name":"\u0130stanbul Turu | Travel New City","isPartOf":{"@id":"https:\/\/travelnewcity.com\/#website"},"primaryImageOfPage":{"@id":"https:\/\/travelnewcity.com\/product\/istanbul-turu\/#primaryimage"},"image":{"@id":"https:\/\/travelnewcity.com\/product\/istanbul-turu\/#primaryimage"},"thumbnailUrl":"https:\/\/i0.wp.com\/travelnewcity.com\/wp-content\/uploads\/2024\/11\/BURSA-TERMAL-OTEL-TURU.png?fit=1080%2C1080&ssl=1","datePublished":"2024-11-25T11:41:53+00:00","dateModified":"2024-12-23T10:52:17+00:00","breadcrumb":{"@id":"https:\/\/travelnewcity.com\/product\/istanbul-turu\/#breadcrumb"},"inLanguage":"pt-PT","potentialAction":[{"@type":"ReadAction","target":["https:\/\/travelnewcity.com\/product\/istanbul-turu\/"]}]},{"@type":"ImageObject","inLanguage":"pt-PT","@id":"https:\/\/travelnewcity.com\/product\/istanbul-turu\/#primaryimage","url":"https:\/\/i0.wp.com\/travelnewcity.com\/wp-content\/uploads\/2024\/11\/BURSA-TERMAL-OTEL-TURU.png?fit=1080%2C1080&ssl=1","contentUrl":"https:\/\/i0.wp.com\/travelnewcity.com\/wp-content\/uploads\/2024\/11\/BURSA-TERMAL-OTEL-TURU.png?fit=1080%2C1080&ssl=1","width":1080,"height":1080},{"@type":"BreadcrumbList","@id":"https:\/\/travelnewcity.com\/product\/istanbul-turu\/#breadcrumb","itemListElement":[{"@type":"ListItem","position":1,"name":"Home","item":"https:\/\/travelnewcity.com\/"},{"@type":"ListItem","position":2,"name":"Turlar","item":"https:\/\/travelnewcity.com\/turlar\/"},{"@type":"ListItem","position":3,"name":"\u0130stanbul Turu"}]},{"@type":"WebSite","@id":"https:\/\/travelnewcity.com\/#website","url":"https:\/\/travelnewcity.com\/","name":"Viajar para a Cidade Nova","description":"Legendary Turkey Magical Tours","publisher":{"@id":"https:\/\/travelnewcity.com\/#organization"},"potentialAction":[{"@type":"SearchAction","target":{"@type":"EntryPoint","urlTemplate":"https:\/\/travelnewcity.com\/?s={search_term_string}"},"query-input":{"@type":"PropertyValueSpecification","valueRequired":true,"valueName":"search_term_string"}}],"inLanguage":"pt-PT"},{"@type":"Organization","@id":"https:\/\/travelnewcity.com\/#organization","name":"Viajar para a Cidade Nova","url":"https:\/\/travelnewcity.com\/","logo":{"@type":"ImageObject","inLanguage":"pt-PT","@id":"https:\/\/travelnewcity.com\/#\/schema\/logo\/image\/","url":"https:\/\/travelnewcity.com\/wp-content\/uploads\/2024\/11\/kirmizi-beyaz.svg","contentUrl":"https:\/\/travelnewcity.com\/wp-content\/uploads\/2024\/11\/kirmizi-beyaz.svg","width":350,"height":100,"caption":"Travel New City"},"image":{"@id":"https:\/\/travelnewcity.com\/#\/schema\/logo\/image\/"},"sameAs":["https:\/\/www.facebook.com\/people\/New-Cty-Travel\/61568825113994\/","https:\/\/www.instagram.com\/newcity_travel\/"]}]}},"jetpack_sharing_enabled":true,"_links":{"self":[{"href":"https:\/\/travelnewcity.com\/pt\/wp-json\/wp\/v2\/product\/3706","targetHints":{"allow":["GET"]}}],"collection":[{"href":"https:\/\/travelnewcity.com\/pt\/wp-json\/wp\/v2\/product"}],"about":[{"href":"https:\/\/travelnewcity.com\/pt\/wp-json\/wp\/v2\/types\/product"}],"replies":[{"embeddable":true,"href":"https:\/\/travelnewcity.com\/pt\/wp-json\/wp\/v2\/comments?post=3706"}],"wp:featuredmedia":[{"embeddable":true,"href":"https:\/\/travelnewcity.com\/pt\/wp-json\/wp\/v2\/media\/5759"}],"wp:attachment":[{"href":"https:\/\/travelnewcity.com\/pt\/wp-json\/wp\/v2\/media?parent=3706"}],"wp:term":[{"taxonomy":"product_brand","embeddable":true,"href":"https:\/\/travelnewcity.com\/pt\/wp-json\/wp\/v2\/product_brand?post=3706"},{"taxonomy":"product_cat","embeddable":true,"href":"https:\/\/travelnewcity.com\/pt\/wp-json\/wp\/v2\/product_cat?post=3706"},{"taxonomy":"product_tag","embeddable":true,"href":"https:\/\/travelnewcity.com\/pt\/wp-json\/wp\/v2\/product_tag?post=3706"}],"curies":[{"name":"wp","href":"https:\/\/api.w.org\/{rel}","templated":true}]}}