{"id":3764,"date":"2024-11-25T12:33:58","date_gmt":"2024-11-25T12:33:58","guid":{"rendered":"https:\/\/travelnewcity.com\/?post_type=product&#038;p=3764"},"modified":"2025-01-06T15:27:23","modified_gmt":"2025-01-06T12:27:23","slug":"visita-a-bursa","status":"publish","type":"product","link":"https:\/\/travelnewcity.com\/pt\/produto-2\/visita-a-bursa\/","title":{"rendered":"Visita a Bursa"},"content":{"rendered":"<div class=\"flex max-w-full flex-col flex-grow\">\n<div class=\"min-h-8 text-message flex w-full flex-col items-end gap-2 whitespace-normal break-words text-start [.text-message+&amp;]:mt-5\" dir=\"auto\" data-message-author-role=\"assistant\" data-message-id=\"c9caa7c4-10d1-4a66-ac03-507e7d1e4fa7\" data-message-model-slug=\"gpt-4o\">\n<div class=\"flex w-full flex-col gap-1 empty:hidden first:pt-[3px]\">\n<div class=\"markdown prose w-full break-words dark:prose-invert dark\">\n<p><strong>Excurs\u00e3o \u00fanica de 1 dia a Bursa<\/strong><\/p>\n<p>Que tal uma viagem cheia de hist\u00f3ria, natureza e sabor em Bursa, a primeira capital do Imp\u00e9rio Otomano? Esta visita especial convida-o a viver um dia inesquec\u00edvel na cidade onde o rico patrim\u00f3nio hist\u00f3rico, a natureza exuberante e a deliciosa gastronomia se encontram.<\/p>\n<p><strong>Conte\u00fado da digress\u00e3o:<\/strong><br \/>\n\ud83d\udd4c <strong>Grande Mesquita e Monumentos Hist\u00f3ricos:<\/strong> Descubra de perto os exemplos \u00fanicos da arquitetura otomana.<br \/>\n\ud83c\udf33 <strong>T\u00famulo verde e arredores:<\/strong> Um ambiente tranquilo onde a hist\u00f3ria se encontra com a natureza.<br \/>\n\u26f0\ufe0f <strong>Prazer de Uludag e do telef\u00e9rico:<\/strong> Uma experi\u00eancia em contacto com a natureza e vistas deslumbrantes.<br \/>\n\ud83d\udecd\ufe0f <strong>Grande Bazar e Koza Han:<\/strong> Locais ideais para a tecelagem tradicional e para a compra de lembran\u00e7as.<\/p>\n<p><strong>Porqu\u00ea escolher este passeio?<\/strong><br \/>\n\u2705 Uma viagem hist\u00f3rica e cultural nas pegadas dos otomanos<br \/>\nLugares \u00fanicos onde se pode estar sozinho com a natureza<br \/>\nUma experi\u00eancia tur\u00edstica confort\u00e1vel com um guia profissional<\/p>\n<p><strong>Informa\u00e7\u00f5es sobre a visita:<\/strong><\/p>\n<ul>\n<li><strong>Dura\u00e7\u00e3o:<\/strong> 1 dia<\/li>\n<li><strong>Ponto inicial e final:<\/strong> Possibilidade de recolha no seu hotel<\/li>\n<li><strong>Pre\u00e7o:<\/strong> Organizado no quotidiano.<\/li>\n<\/ul>\n<p>Reserve agora para testemunhar a hist\u00f3ria e as belezas naturais de Bursa e n\u00e3o perca esta experi\u00eancia \u00fanica!<\/p>\n<\/div>\n<\/div>\n<\/div>\n<\/div>","protected":false},"excerpt":{"rendered":"<p>Conte\u00fado da visita guiada a Bursa:<\/p>\n<p>-Rece\u00e7\u00e3o no aeroporto<\/p>\n<p>-Servi\u00e7o de transfer VIP entre o aeroporto e o hotel<\/p>\n<p>-Alojamento em hotel (o pequeno-almo\u00e7o est\u00e1 inclu\u00eddo).<\/p>\n<p>-09.00-17.00 aras\u0131 Bursa Turu<\/p>\n<p>-Actividades fora das horas de planeamento da visita est\u00e3o sujeitas a um custo adicional.<\/p>","protected":false},"featured_media":5764,"comment_status":"open","ping_status":"closed","template":"","meta":[],"product_brand":[],"product_cat":[73],"product_tag":[],"class_list":{"0":"post-3764","1":"product","2":"type-product","3":"status-publish","4":"has-post-thumbnail","6":"product_cat-turlar","8":"first","9":"instock","10":"shipping-taxable","11":"purchasable","12":"product-type-variable"},"yoast_head":"<!-- This site is optimized with the Yoast SEO plugin v26.3 - https:\/\/yoast.com\/wordpress\/plugins\/seo\/ -->\n<title>Bursa Turu | Travel New City<\/title>\n<meta name=\"description\" content=\"Osmanl\u0131 \u0130mparatorlu\u011fu\u2019nun ilk ba\u015fkenti olan Bursa\u2019da tarih, do\u011fa ve lezzet dolu bir yolculu\u011fa \u00e7\u0131kmaya ne dersiniz?Bursa\u2019n\u0131n tarihine ve do\u011fal g\u00fczellikleri..\" \/>\n<meta name=\"robots\" content=\"index, follow, max-snippet:-1, max-image-preview:large, max-video-preview:-1\" \/>\n<link rel=\"canonical\" href=\"https:\/\/travelnewcity.com\/pt\/produto-2\/visita-a-bursa\/\" \/>\n<meta property=\"og:locale\" content=\"pt_PT\" \/>\n<meta property=\"og:type\" content=\"article\" \/>\n<meta property=\"og:title\" content=\"Bursa Turu | Travel New City\" \/>\n<meta property=\"og:description\" content=\"Osmanl\u0131 \u0130mparatorlu\u011fu\u2019nun ilk ba\u015fkenti olan Bursa\u2019da tarih, do\u011fa ve lezzet dolu bir yolculu\u011fa \u00e7\u0131kmaya ne dersiniz?Bursa\u2019n\u0131n tarihine ve do\u011fal g\u00fczellikleri..\" \/>\n<meta property=\"og:url\" content=\"https:\/\/travelnewcity.com\/pt\/produto-2\/visita-a-bursa\/\" \/>\n<meta property=\"og:site_name\" content=\"Travel New City\" \/>\n<meta property=\"article:publisher\" content=\"https:\/\/www.facebook.com\/people\/New-Cty-Travel\/61568825113994\/\" \/>\n<meta property=\"article:modified_time\" content=\"2025-01-06T12:27:23+00:00\" \/>\n<meta property=\"og:image\" content=\"https:\/\/travelnewcity.com\/wp-content\/uploads\/2024\/11\/BURSA-TERMAL-OTEL-TURU-3-1-1024x1024.png\" \/>\n\t<meta property=\"og:image:width\" content=\"1024\" \/>\n\t<meta property=\"og:image:height\" content=\"1024\" \/>\n\t<meta property=\"og:image:type\" content=\"image\/png\" \/>\n<meta name=\"twitter:card\" content=\"summary_large_image\" \/>\n<meta name=\"twitter:label1\" content=\"Tempo estimado de leitura\" \/>\n\t<meta name=\"twitter:data1\" content=\"2 minutos\" \/>\n<script type=\"application\/ld+json\" class=\"yoast-schema-graph\">{\"@context\":\"https:\/\/schema.org\",\"@graph\":[{\"@type\":\"WebPage\",\"@id\":\"https:\/\/travelnewcity.com\/product\/bursa-turu\/\",\"url\":\"https:\/\/travelnewcity.com\/product\/bursa-turu\/\",\"name\":\"Bursa Turu | Travel New City\",\"isPartOf\":{\"@id\":\"https:\/\/travelnewcity.com\/#website\"},\"primaryImageOfPage\":{\"@id\":\"https:\/\/travelnewcity.com\/product\/bursa-turu\/#primaryimage\"},\"image\":{\"@id\":\"https:\/\/travelnewcity.com\/product\/bursa-turu\/#primaryimage\"},\"thumbnailUrl\":\"https:\/\/i0.wp.com\/travelnewcity.com\/wp-content\/uploads\/2024\/11\/BURSA-TERMAL-OTEL-TURU-3-1.png?fit=1080%2C1080&ssl=1\",\"datePublished\":\"2024-11-25T12:33:58+00:00\",\"dateModified\":\"2025-01-06T12:27:23+00:00\",\"description\":\"Osmanl\u0131 \u0130mparatorlu\u011fu\u2019nun ilk ba\u015fkenti olan Bursa\u2019da tarih, do\u011fa ve lezzet dolu bir yolculu\u011fa \u00e7\u0131kmaya ne dersiniz?Bursa\u2019n\u0131n tarihine ve do\u011fal g\u00fczellikleri..\",\"breadcrumb\":{\"@id\":\"https:\/\/travelnewcity.com\/product\/bursa-turu\/#breadcrumb\"},\"inLanguage\":\"pt-PT\",\"potentialAction\":[{\"@type\":\"ReadAction\",\"target\":[\"https:\/\/travelnewcity.com\/product\/bursa-turu\/\"]}]},{\"@type\":\"ImageObject\",\"inLanguage\":\"pt-PT\",\"@id\":\"https:\/\/travelnewcity.com\/product\/bursa-turu\/#primaryimage\",\"url\":\"https:\/\/i0.wp.com\/travelnewcity.com\/wp-content\/uploads\/2024\/11\/BURSA-TERMAL-OTEL-TURU-3-1.png?fit=1080%2C1080&ssl=1\",\"contentUrl\":\"https:\/\/i0.wp.com\/travelnewcity.com\/wp-content\/uploads\/2024\/11\/BURSA-TERMAL-OTEL-TURU-3-1.png?fit=1080%2C1080&ssl=1\",\"width\":1080,\"height\":1080},{\"@type\":\"BreadcrumbList\",\"@id\":\"https:\/\/travelnewcity.com\/product\/bursa-turu\/#breadcrumb\",\"itemListElement\":[{\"@type\":\"ListItem\",\"position\":1,\"name\":\"Home\",\"item\":\"https:\/\/travelnewcity.com\/\"},{\"@type\":\"ListItem\",\"position\":2,\"name\":\"Turlar\",\"item\":\"https:\/\/travelnewcity.com\/turlar\/\"},{\"@type\":\"ListItem\",\"position\":3,\"name\":\"Bursa Turu\"}]},{\"@type\":\"WebSite\",\"@id\":\"https:\/\/travelnewcity.com\/#website\",\"url\":\"https:\/\/travelnewcity.com\/\",\"name\":\"Travel New City\",\"description\":\"Efsane T\u00fcrkiye B\u00fcy\u00fcl\u00fc Turlar\",\"publisher\":{\"@id\":\"https:\/\/travelnewcity.com\/#organization\"},\"potentialAction\":[{\"@type\":\"SearchAction\",\"target\":{\"@type\":\"EntryPoint\",\"urlTemplate\":\"https:\/\/travelnewcity.com\/?s={search_term_string}\"},\"query-input\":{\"@type\":\"PropertyValueSpecification\",\"valueRequired\":true,\"valueName\":\"search_term_string\"}}],\"inLanguage\":\"pt-PT\"},{\"@type\":\"Organization\",\"@id\":\"https:\/\/travelnewcity.com\/#organization\",\"name\":\"Travel New City\",\"url\":\"https:\/\/travelnewcity.com\/\",\"logo\":{\"@type\":\"ImageObject\",\"inLanguage\":\"pt-PT\",\"@id\":\"https:\/\/travelnewcity.com\/#\/schema\/logo\/image\/\",\"url\":\"https:\/\/travelnewcity.com\/wp-content\/uploads\/2024\/11\/kirmizi-beyaz.svg\",\"contentUrl\":\"https:\/\/travelnewcity.com\/wp-content\/uploads\/2024\/11\/kirmizi-beyaz.svg\",\"width\":350,\"height\":100,\"caption\":\"Travel New City\"},\"image\":{\"@id\":\"https:\/\/travelnewcity.com\/#\/schema\/logo\/image\/\"},\"sameAs\":[\"https:\/\/www.facebook.com\/people\/New-Cty-Travel\/61568825113994\/\",\"https:\/\/www.instagram.com\/newcity_travel\/\"]}]}<\/script>\n<!-- \/ Yoast SEO plugin. -->","yoast_head_json":{"title":"Bursa Tour | Travel New City","description":"Osmanl\u0131 \u0130mparatorlu\u011fu\u2019nun ilk ba\u015fkenti olan Bursa\u2019da tarih, do\u011fa ve lezzet dolu bir yolculu\u011fa \u00e7\u0131kmaya ne dersiniz?Bursa\u2019n\u0131n tarihine ve do\u011fal g\u00fczellikleri..","robots":{"index":"index","follow":"follow","max-snippet":"max-snippet:-1","max-image-preview":"max-image-preview:large","max-video-preview":"max-video-preview:-1"},"canonical":"https:\/\/travelnewcity.com\/pt\/produto-2\/visita-a-bursa\/","og_locale":"pt_PT","og_type":"article","og_title":"Bursa Turu | Travel New City","og_description":"Osmanl\u0131 \u0130mparatorlu\u011fu\u2019nun ilk ba\u015fkenti olan Bursa\u2019da tarih, do\u011fa ve lezzet dolu bir yolculu\u011fa \u00e7\u0131kmaya ne dersiniz?Bursa\u2019n\u0131n tarihine ve do\u011fal g\u00fczellikleri..","og_url":"https:\/\/travelnewcity.com\/pt\/produto-2\/visita-a-bursa\/","og_site_name":"Travel New City","article_publisher":"https:\/\/www.facebook.com\/people\/New-Cty-Travel\/61568825113994\/","article_modified_time":"2025-01-06T12:27:23+00:00","og_image":[{"width":1024,"height":1024,"url":"https:\/\/travelnewcity.com\/wp-content\/uploads\/2024\/11\/BURSA-TERMAL-OTEL-TURU-3-1-1024x1024.png","type":"image\/png"}],"twitter_card":"summary_large_image","twitter_misc":{"Tempo estimado de leitura":"2 minutos"},"schema":{"@context":"https:\/\/schema.org","@graph":[{"@type":"WebPage","@id":"https:\/\/travelnewcity.com\/product\/bursa-turu\/","url":"https:\/\/travelnewcity.com\/product\/bursa-turu\/","name":"Bursa Tour | Travel New City","isPartOf":{"@id":"https:\/\/travelnewcity.com\/#website"},"primaryImageOfPage":{"@id":"https:\/\/travelnewcity.com\/product\/bursa-turu\/#primaryimage"},"image":{"@id":"https:\/\/travelnewcity.com\/product\/bursa-turu\/#primaryimage"},"thumbnailUrl":"https:\/\/i0.wp.com\/travelnewcity.com\/wp-content\/uploads\/2024\/11\/BURSA-TERMAL-OTEL-TURU-3-1.png?fit=1080%2C1080&ssl=1","datePublished":"2024-11-25T12:33:58+00:00","dateModified":"2025-01-06T12:27:23+00:00","description":"Osmanl\u0131 \u0130mparatorlu\u011fu\u2019nun ilk ba\u015fkenti olan Bursa\u2019da tarih, do\u011fa ve lezzet dolu bir yolculu\u011fa \u00e7\u0131kmaya ne dersiniz?Bursa\u2019n\u0131n tarihine ve do\u011fal g\u00fczellikleri..","breadcrumb":{"@id":"https:\/\/travelnewcity.com\/product\/bursa-turu\/#breadcrumb"},"inLanguage":"pt-PT","potentialAction":[{"@type":"ReadAction","target":["https:\/\/travelnewcity.com\/product\/bursa-turu\/"]}]},{"@type":"ImageObject","inLanguage":"pt-PT","@id":"https:\/\/travelnewcity.com\/product\/bursa-turu\/#primaryimage","url":"https:\/\/i0.wp.com\/travelnewcity.com\/wp-content\/uploads\/2024\/11\/BURSA-TERMAL-OTEL-TURU-3-1.png?fit=1080%2C1080&ssl=1","contentUrl":"https:\/\/i0.wp.com\/travelnewcity.com\/wp-content\/uploads\/2024\/11\/BURSA-TERMAL-OTEL-TURU-3-1.png?fit=1080%2C1080&ssl=1","width":1080,"height":1080},{"@type":"BreadcrumbList","@id":"https:\/\/travelnewcity.com\/product\/bursa-turu\/#breadcrumb","itemListElement":[{"@type":"ListItem","position":1,"name":"Home","item":"https:\/\/travelnewcity.com\/"},{"@type":"ListItem","position":2,"name":"Turlar","item":"https:\/\/travelnewcity.com\/turlar\/"},{"@type":"ListItem","position":3,"name":"Bursa Turu"}]},{"@type":"WebSite","@id":"https:\/\/travelnewcity.com\/#website","url":"https:\/\/travelnewcity.com\/","name":"Viajar para a Cidade Nova","description":"Legendary Turkey Magical Tours","publisher":{"@id":"https:\/\/travelnewcity.com\/#organization"},"potentialAction":[{"@type":"SearchAction","target":{"@type":"EntryPoint","urlTemplate":"https:\/\/travelnewcity.com\/?s={search_term_string}"},"query-input":{"@type":"PropertyValueSpecification","valueRequired":true,"valueName":"search_term_string"}}],"inLanguage":"pt-PT"},{"@type":"Organization","@id":"https:\/\/travelnewcity.com\/#organization","name":"Viajar para a Cidade Nova","url":"https:\/\/travelnewcity.com\/","logo":{"@type":"ImageObject","inLanguage":"pt-PT","@id":"https:\/\/travelnewcity.com\/#\/schema\/logo\/image\/","url":"https:\/\/travelnewcity.com\/wp-content\/uploads\/2024\/11\/kirmizi-beyaz.svg","contentUrl":"https:\/\/travelnewcity.com\/wp-content\/uploads\/2024\/11\/kirmizi-beyaz.svg","width":350,"height":100,"caption":"Travel New City"},"image":{"@id":"https:\/\/travelnewcity.com\/#\/schema\/logo\/image\/"},"sameAs":["https:\/\/www.facebook.com\/people\/New-Cty-Travel\/61568825113994\/","https:\/\/www.instagram.com\/newcity_travel\/"]}]}},"jetpack_sharing_enabled":true,"_links":{"self":[{"href":"https:\/\/travelnewcity.com\/pt\/wp-json\/wp\/v2\/product\/3764","targetHints":{"allow":["GET"]}}],"collection":[{"href":"https:\/\/travelnewcity.com\/pt\/wp-json\/wp\/v2\/product"}],"about":[{"href":"https:\/\/travelnewcity.com\/pt\/wp-json\/wp\/v2\/types\/product"}],"replies":[{"embeddable":true,"href":"https:\/\/travelnewcity.com\/pt\/wp-json\/wp\/v2\/comments?post=3764"}],"wp:featuredmedia":[{"embeddable":true,"href":"https:\/\/travelnewcity.com\/pt\/wp-json\/wp\/v2\/media\/5764"}],"wp:attachment":[{"href":"https:\/\/travelnewcity.com\/pt\/wp-json\/wp\/v2\/media?parent=3764"}],"wp:term":[{"taxonomy":"product_brand","embeddable":true,"href":"https:\/\/travelnewcity.com\/pt\/wp-json\/wp\/v2\/product_brand?post=3764"},{"taxonomy":"product_cat","embeddable":true,"href":"https:\/\/travelnewcity.com\/pt\/wp-json\/wp\/v2\/product_cat?post=3764"},{"taxonomy":"product_tag","embeddable":true,"href":"https:\/\/travelnewcity.com\/pt\/wp-json\/wp\/v2\/product_tag?post=3764"}],"curies":[{"name":"wp","href":"https:\/\/api.w.org\/{rel}","templated":true}]}}