{"id":5312,"date":"2024-12-09T10:03:15","date_gmt":"2024-12-09T10:03:15","guid":{"rendered":"https:\/\/travelnewcity.com\/?post_type=product&#038;p=5312"},"modified":"2025-01-06T15:28:40","modified_gmt":"2025-01-06T12:28:40","slug":"istanbul-bogaz-turu","status":"publish","type":"product","link":"https:\/\/travelnewcity.com\/pt\/produto-2\/istanbul-bogaz-turu\/","title":{"rendered":"Visita ao B\u00f3sforo de Istambul"},"content":{"rendered":"","protected":false},"excerpt":{"rendered":"<p>\u0130stanbul Bo\u011faz\u00a0 turu i\u00e7eri\u011fimiz:<\/p>\n<p>-Rece\u00e7\u00e3o no aeroporto<\/p>\n<p>-Servi\u00e7o de transfer VIP entre o aeroporto e o hotel<\/p>\n<p>-Alojamento em hotel (o pequeno-almo\u00e7o est\u00e1 inclu\u00eddo).<\/p>\n<p>-09.00-17.00 aras\u0131 \u0130stanbul Bo\u011faz Turu<\/p>\n<p>-Actividades fora das horas de planeamento da visita est\u00e3o sujeitas a um custo adicional.<\/p>","protected":false},"featured_media":5752,"comment_status":"open","ping_status":"closed","template":"","meta":[],"product_brand":[],"product_cat":[15],"product_tag":[],"class_list":{"0":"post-5312","1":"product","2":"type-product","3":"status-publish","4":"has-post-thumbnail","6":"product_cat-uncategorized","8":"first","9":"instock","10":"virtual","11":"purchasable","12":"product-type-simple"},"yoast_head":"<!-- This site is optimized with the Yoast SEO plugin v26.3 - https:\/\/yoast.com\/wordpress\/plugins\/seo\/ -->\n<title>\u0130stanbul Bo\u011faz Turu | Travel New City<\/title>\n<meta name=\"description\" content=\"\u0130stanbul Bo\u011faz\u0131\u2019nda unutulmaz bir tekne turuna kat\u0131l\u0131n!Muhte\u015fem manzaralar, tarihi yal\u0131lar ve e\u015fsiz bir deneyim sizi bekliyor.Rezervasyon i\u00e7in hemen t\u0131kla..\" \/>\n<meta name=\"robots\" content=\"index, follow, max-snippet:-1, max-image-preview:large, max-video-preview:-1\" \/>\n<link rel=\"canonical\" href=\"https:\/\/travelnewcity.com\/pt\/produto-2\/istanbul-bogaz-turu\/\" \/>\n<meta property=\"og:locale\" content=\"pt_PT\" \/>\n<meta property=\"og:type\" content=\"article\" \/>\n<meta property=\"og:title\" content=\"\u0130stanbul Bo\u011faz Turu | Travel New City\" \/>\n<meta property=\"og:description\" content=\"\u0130stanbul Bo\u011faz\u0131\u2019nda unutulmaz bir tekne turuna kat\u0131l\u0131n!Muhte\u015fem manzaralar, tarihi yal\u0131lar ve e\u015fsiz bir deneyim sizi bekliyor.Rezervasyon i\u00e7in hemen t\u0131kla..\" \/>\n<meta property=\"og:url\" content=\"https:\/\/travelnewcity.com\/pt\/produto-2\/istanbul-bogaz-turu\/\" \/>\n<meta property=\"og:site_name\" content=\"Travel New City\" \/>\n<meta property=\"article:publisher\" content=\"https:\/\/www.facebook.com\/people\/New-Cty-Travel\/61568825113994\/\" \/>\n<meta property=\"article:modified_time\" content=\"2025-01-06T12:28:40+00:00\" \/>\n<meta property=\"og:image\" content=\"https:\/\/travelnewcity.com\/wp-content\/uploads\/2024\/12\/36-1024x1024.png\" \/>\n\t<meta property=\"og:image:width\" content=\"1024\" \/>\n\t<meta property=\"og:image:height\" content=\"1024\" \/>\n\t<meta property=\"og:image:type\" content=\"image\/png\" \/>\n<meta name=\"twitter:card\" content=\"summary_large_image\" \/>\n<meta name=\"twitter:label1\" content=\"Tempo estimado de leitura\" \/>\n\t<meta name=\"twitter:data1\" content=\"1 minuto\" \/>\n<script type=\"application\/ld+json\" class=\"yoast-schema-graph\">{\"@context\":\"https:\/\/schema.org\",\"@graph\":[{\"@type\":\"WebPage\",\"@id\":\"https:\/\/travelnewcity.com\/product\/istanbul-bogaz-turu\/\",\"url\":\"https:\/\/travelnewcity.com\/product\/istanbul-bogaz-turu\/\",\"name\":\"\u0130stanbul Bo\u011faz Turu | Travel New City\",\"isPartOf\":{\"@id\":\"https:\/\/travelnewcity.com\/#website\"},\"primaryImageOfPage\":{\"@id\":\"https:\/\/travelnewcity.com\/product\/istanbul-bogaz-turu\/#primaryimage\"},\"image\":{\"@id\":\"https:\/\/travelnewcity.com\/product\/istanbul-bogaz-turu\/#primaryimage\"},\"thumbnailUrl\":\"https:\/\/i0.wp.com\/travelnewcity.com\/wp-content\/uploads\/2024\/12\/36.png?fit=1080%2C1080&ssl=1\",\"datePublished\":\"2024-12-09T10:03:15+00:00\",\"dateModified\":\"2025-01-06T12:28:40+00:00\",\"description\":\"\u0130stanbul Bo\u011faz\u0131\u2019nda unutulmaz bir tekne turuna kat\u0131l\u0131n!Muhte\u015fem manzaralar, tarihi yal\u0131lar ve e\u015fsiz bir deneyim sizi bekliyor.Rezervasyon i\u00e7in hemen t\u0131kla..\",\"breadcrumb\":{\"@id\":\"https:\/\/travelnewcity.com\/product\/istanbul-bogaz-turu\/#breadcrumb\"},\"inLanguage\":\"pt-PT\",\"potentialAction\":[{\"@type\":\"ReadAction\",\"target\":[\"https:\/\/travelnewcity.com\/product\/istanbul-bogaz-turu\/\"]}]},{\"@type\":\"ImageObject\",\"inLanguage\":\"pt-PT\",\"@id\":\"https:\/\/travelnewcity.com\/product\/istanbul-bogaz-turu\/#primaryimage\",\"url\":\"https:\/\/i0.wp.com\/travelnewcity.com\/wp-content\/uploads\/2024\/12\/36.png?fit=1080%2C1080&ssl=1\",\"contentUrl\":\"https:\/\/i0.wp.com\/travelnewcity.com\/wp-content\/uploads\/2024\/12\/36.png?fit=1080%2C1080&ssl=1\",\"width\":1080,\"height\":1080},{\"@type\":\"BreadcrumbList\",\"@id\":\"https:\/\/travelnewcity.com\/product\/istanbul-bogaz-turu\/#breadcrumb\",\"itemListElement\":[{\"@type\":\"ListItem\",\"position\":1,\"name\":\"Home\",\"item\":\"https:\/\/travelnewcity.com\/\"},{\"@type\":\"ListItem\",\"position\":2,\"name\":\"Turlar\",\"item\":\"https:\/\/travelnewcity.com\/turlar\/\"},{\"@type\":\"ListItem\",\"position\":3,\"name\":\"\u0130stanbul Bo\u011faz Turu\"}]},{\"@type\":\"WebSite\",\"@id\":\"https:\/\/travelnewcity.com\/#website\",\"url\":\"https:\/\/travelnewcity.com\/\",\"name\":\"Travel New City\",\"description\":\"Efsane T\u00fcrkiye B\u00fcy\u00fcl\u00fc Turlar\",\"publisher\":{\"@id\":\"https:\/\/travelnewcity.com\/#organization\"},\"potentialAction\":[{\"@type\":\"SearchAction\",\"target\":{\"@type\":\"EntryPoint\",\"urlTemplate\":\"https:\/\/travelnewcity.com\/?s={search_term_string}\"},\"query-input\":{\"@type\":\"PropertyValueSpecification\",\"valueRequired\":true,\"valueName\":\"search_term_string\"}}],\"inLanguage\":\"pt-PT\"},{\"@type\":\"Organization\",\"@id\":\"https:\/\/travelnewcity.com\/#organization\",\"name\":\"Travel New City\",\"url\":\"https:\/\/travelnewcity.com\/\",\"logo\":{\"@type\":\"ImageObject\",\"inLanguage\":\"pt-PT\",\"@id\":\"https:\/\/travelnewcity.com\/#\/schema\/logo\/image\/\",\"url\":\"https:\/\/travelnewcity.com\/wp-content\/uploads\/2024\/11\/kirmizi-beyaz.svg\",\"contentUrl\":\"https:\/\/travelnewcity.com\/wp-content\/uploads\/2024\/11\/kirmizi-beyaz.svg\",\"width\":350,\"height\":100,\"caption\":\"Travel New City\"},\"image\":{\"@id\":\"https:\/\/travelnewcity.com\/#\/schema\/logo\/image\/\"},\"sameAs\":[\"https:\/\/www.facebook.com\/people\/New-Cty-Travel\/61568825113994\/\",\"https:\/\/www.instagram.com\/newcity_travel\/\"]}]}<\/script>\n<!-- \/ Yoast SEO plugin. -->","yoast_head_json":{"title":"\u0130stanbul Bo\u011faz Turu | Travel New City","description":"\u0130stanbul Bo\u011faz\u0131\u2019nda unutulmaz bir tekne turuna kat\u0131l\u0131n!Muhte\u015fem manzaralar, tarihi yal\u0131lar ve e\u015fsiz bir deneyim sizi bekliyor.Rezervasyon i\u00e7in hemen t\u0131kla..","robots":{"index":"index","follow":"follow","max-snippet":"max-snippet:-1","max-image-preview":"max-image-preview:large","max-video-preview":"max-video-preview:-1"},"canonical":"https:\/\/travelnewcity.com\/pt\/produto-2\/istanbul-bogaz-turu\/","og_locale":"pt_PT","og_type":"article","og_title":"\u0130stanbul Bo\u011faz Turu | Travel New City","og_description":"\u0130stanbul Bo\u011faz\u0131\u2019nda unutulmaz bir tekne turuna kat\u0131l\u0131n!Muhte\u015fem manzaralar, tarihi yal\u0131lar ve e\u015fsiz bir deneyim sizi bekliyor.Rezervasyon i\u00e7in hemen t\u0131kla..","og_url":"https:\/\/travelnewcity.com\/pt\/produto-2\/istanbul-bogaz-turu\/","og_site_name":"Travel New City","article_publisher":"https:\/\/www.facebook.com\/people\/New-Cty-Travel\/61568825113994\/","article_modified_time":"2025-01-06T12:28:40+00:00","og_image":[{"width":1024,"height":1024,"url":"https:\/\/travelnewcity.com\/wp-content\/uploads\/2024\/12\/36-1024x1024.png","type":"image\/png"}],"twitter_card":"summary_large_image","twitter_misc":{"Tempo estimado de leitura":"1 minuto"},"schema":{"@context":"https:\/\/schema.org","@graph":[{"@type":"WebPage","@id":"https:\/\/travelnewcity.com\/product\/istanbul-bogaz-turu\/","url":"https:\/\/travelnewcity.com\/product\/istanbul-bogaz-turu\/","name":"\u0130stanbul Bo\u011faz Turu | Travel New City","isPartOf":{"@id":"https:\/\/travelnewcity.com\/#website"},"primaryImageOfPage":{"@id":"https:\/\/travelnewcity.com\/product\/istanbul-bogaz-turu\/#primaryimage"},"image":{"@id":"https:\/\/travelnewcity.com\/product\/istanbul-bogaz-turu\/#primaryimage"},"thumbnailUrl":"https:\/\/i0.wp.com\/travelnewcity.com\/wp-content\/uploads\/2024\/12\/36.png?fit=1080%2C1080&ssl=1","datePublished":"2024-12-09T10:03:15+00:00","dateModified":"2025-01-06T12:28:40+00:00","description":"\u0130stanbul Bo\u011faz\u0131\u2019nda unutulmaz bir tekne turuna kat\u0131l\u0131n!Muhte\u015fem manzaralar, tarihi yal\u0131lar ve e\u015fsiz bir deneyim sizi bekliyor.Rezervasyon i\u00e7in hemen t\u0131kla..","breadcrumb":{"@id":"https:\/\/travelnewcity.com\/product\/istanbul-bogaz-turu\/#breadcrumb"},"inLanguage":"pt-PT","potentialAction":[{"@type":"ReadAction","target":["https:\/\/travelnewcity.com\/product\/istanbul-bogaz-turu\/"]}]},{"@type":"ImageObject","inLanguage":"pt-PT","@id":"https:\/\/travelnewcity.com\/product\/istanbul-bogaz-turu\/#primaryimage","url":"https:\/\/i0.wp.com\/travelnewcity.com\/wp-content\/uploads\/2024\/12\/36.png?fit=1080%2C1080&ssl=1","contentUrl":"https:\/\/i0.wp.com\/travelnewcity.com\/wp-content\/uploads\/2024\/12\/36.png?fit=1080%2C1080&ssl=1","width":1080,"height":1080},{"@type":"BreadcrumbList","@id":"https:\/\/travelnewcity.com\/product\/istanbul-bogaz-turu\/#breadcrumb","itemListElement":[{"@type":"ListItem","position":1,"name":"Home","item":"https:\/\/travelnewcity.com\/"},{"@type":"ListItem","position":2,"name":"Turlar","item":"https:\/\/travelnewcity.com\/turlar\/"},{"@type":"ListItem","position":3,"name":"\u0130stanbul Bo\u011faz Turu"}]},{"@type":"WebSite","@id":"https:\/\/travelnewcity.com\/#website","url":"https:\/\/travelnewcity.com\/","name":"Viajar para a Cidade Nova","description":"Legendary Turkey Magical Tours","publisher":{"@id":"https:\/\/travelnewcity.com\/#organization"},"potentialAction":[{"@type":"SearchAction","target":{"@type":"EntryPoint","urlTemplate":"https:\/\/travelnewcity.com\/?s={search_term_string}"},"query-input":{"@type":"PropertyValueSpecification","valueRequired":true,"valueName":"search_term_string"}}],"inLanguage":"pt-PT"},{"@type":"Organization","@id":"https:\/\/travelnewcity.com\/#organization","name":"Viajar para a Cidade Nova","url":"https:\/\/travelnewcity.com\/","logo":{"@type":"ImageObject","inLanguage":"pt-PT","@id":"https:\/\/travelnewcity.com\/#\/schema\/logo\/image\/","url":"https:\/\/travelnewcity.com\/wp-content\/uploads\/2024\/11\/kirmizi-beyaz.svg","contentUrl":"https:\/\/travelnewcity.com\/wp-content\/uploads\/2024\/11\/kirmizi-beyaz.svg","width":350,"height":100,"caption":"Travel New City"},"image":{"@id":"https:\/\/travelnewcity.com\/#\/schema\/logo\/image\/"},"sameAs":["https:\/\/www.facebook.com\/people\/New-Cty-Travel\/61568825113994\/","https:\/\/www.instagram.com\/newcity_travel\/"]}]}},"jetpack_sharing_enabled":true,"_links":{"self":[{"href":"https:\/\/travelnewcity.com\/pt\/wp-json\/wp\/v2\/product\/5312","targetHints":{"allow":["GET"]}}],"collection":[{"href":"https:\/\/travelnewcity.com\/pt\/wp-json\/wp\/v2\/product"}],"about":[{"href":"https:\/\/travelnewcity.com\/pt\/wp-json\/wp\/v2\/types\/product"}],"replies":[{"embeddable":true,"href":"https:\/\/travelnewcity.com\/pt\/wp-json\/wp\/v2\/comments?post=5312"}],"wp:featuredmedia":[{"embeddable":true,"href":"https:\/\/travelnewcity.com\/pt\/wp-json\/wp\/v2\/media\/5752"}],"wp:attachment":[{"href":"https:\/\/travelnewcity.com\/pt\/wp-json\/wp\/v2\/media?parent=5312"}],"wp:term":[{"taxonomy":"product_brand","embeddable":true,"href":"https:\/\/travelnewcity.com\/pt\/wp-json\/wp\/v2\/product_brand?post=5312"},{"taxonomy":"product_cat","embeddable":true,"href":"https:\/\/travelnewcity.com\/pt\/wp-json\/wp\/v2\/product_cat?post=5312"},{"taxonomy":"product_tag","embeddable":true,"href":"https:\/\/travelnewcity.com\/pt\/wp-json\/wp\/v2\/product_tag?post=5312"}],"curies":[{"name":"wp","href":"https:\/\/api.w.org\/{rel}","templated":true}]}}